{"id":267,"date":"2024-01-06T11:55:28","date_gmt":"2024-01-06T11:55:28","guid":{"rendered":"https:\/\/unruffled-shirley.89-22-103-217.plesk.page\/index.php\/produkt\/sparkling-paket\/"},"modified":"2024-01-06T11:56:28","modified_gmt":"2024-01-06T11:56:28","slug":"sparkling-paket","status":"publish","type":"product","link":"https:\/\/unruffled-shirley.89-22-103-217.plesk.page\/index.php\/produkt\/sparkling-paket\/","title":{"rendered":"Sparkling Paket"},"content":{"rendered":"<p>Im &#8222;Sparkling&#8220; Paket enthalten sind 6 x 0,75 l Flaschen sowie 4 Gl\u00e4ser zu einem Vorteilspreis:\u00a0 Bitte bachten Sie, das Paket enth\u00e4lt keine Geschenk-Verpackungsartikel. Die Paketinhalte werden mit einem UPS Versandkarton verschickt. Lergenm\u00fcller Ros\u00e9 Sekt (Artikel: 800472) \u00a0Alkohol: 12,0 vol.% Lergenm\u00fcller Riesling Sekt (Artikel: 800021) Alkohol: 11,5 vol.% Perle de Palait Secco weiss (Artikel: 150010) Alkohol: 11,0 vol.% Perle de Palait Secco ros\u00e9 (Artikel: 150317) Alkohol: 11,0 vol.%\u00a0 Libert\u00e9 Blanc Sekt Alkoholfrei (Artikel: 101012) Alkohol: < 0,5 vol. %\u00a0 Libert\u00e9 Ros\u00e9 Sekt Alkoholfrei (Artikel: 101159) Alkohol: < 0,5 vol.%\u00a0 Vier Champagner-Kelche (Artikel: 999108) \u00a0 \u00a0\n<\/p>\n","protected":false},"excerpt":{"rendered":"<p>Im &#8222;Sparkling&#8220; Paket enthalten sind 6 x 0,75 l Flaschen sowie 4 Gl\u00e4ser zu einem Vorteilspreis:\u00a0 Bitte bachten Sie, das Paket enth\u00e4lt keine Geschenk-Verpackungsartikel. Die Paketinhalte werden mit einem UPS Versandkarton verschickt. Lergenm\u00fcller Ros\u00e9 Sekt (Artikel: 800472) \u00a0Alkohol: 12,0 vol.% Lergenm\u00fcller Riesling Sekt (Artikel: 800021) Alkohol: 11,5 vol.% Perle de Palait Secco weiss (Artikel: 150010) [&hellip;]<\/p>\n","protected":false},"featured_media":315,"comment_status":"open","ping_status":"open","template":"","meta":[],"store":[21],"product_cat":[22],"product_tag":[23],"_links":{"self":[{"href":"https:\/\/unruffled-shirley.89-22-103-217.plesk.page\/index.php\/wp-json\/wp\/v2\/product\/267"}],"collection":[{"href":"https:\/\/unruffled-shirley.89-22-103-217.plesk.page\/index.php\/wp-json\/wp\/v2\/product"}],"about":[{"href":"https:\/\/unruffled-shirley.89-22-103-217.plesk.page\/index.php\/wp-json\/wp\/v2\/types\/product"}],"replies":[{"embeddable":true,"href":"https:\/\/unruffled-shirley.89-22-103-217.plesk.page\/index.php\/wp-json\/wp\/v2\/comments?post=267"}],"wp:featuredmedia":[{"embeddable":true,"href":"https:\/\/unruffled-shirley.89-22-103-217.plesk.page\/index.php\/wp-json\/wp\/v2\/media\/315"}],"wp:attachment":[{"href":"https:\/\/unruffled-shirley.89-22-103-217.plesk.page\/index.php\/wp-json\/wp\/v2\/media?parent=267"}],"wp:term":[{"taxonomy":"store","embeddable":true,"href":"https:\/\/unruffled-shirley.89-22-103-217.plesk.page\/index.php\/wp-json\/wp\/v2\/store?post=267"},{"taxonomy":"product_cat","embeddable":true,"href":"https:\/\/unruffled-shirley.89-22-103-217.plesk.page\/index.php\/wp-json\/wp\/v2\/product_cat?post=267"},{"taxonomy":"product_tag","embeddable":true,"href":"https:\/\/unruffled-shirley.89-22-103-217.plesk.page\/index.php\/wp-json\/wp\/v2\/product_tag?post=267"}],"curies":[{"name":"wp","href":"https:\/\/api.w.org\/{rel}","templated":true}]}}