{"id":246,"date":"2024-01-06T12:00:58","date_gmt":"2024-01-06T12:00:58","guid":{"rendered":"https:\/\/unruffled-shirley.89-22-103-217.plesk.page\/index.php\/produkt\/fruits-de-mer-riesling\/"},"modified":"2024-01-06T12:03:37","modified_gmt":"2024-01-06T12:03:37","slug":"fruits-de-mer-riesling","status":"publish","type":"product","link":"https:\/\/unruffled-shirley.89-22-103-217.plesk.page\/index.php\/produkt\/fruits-de-mer-riesling\/","title":{"rendered":"Fruits de Mer Riesling"},"content":{"rendered":"<p>Sehr frisch am Gaumen, mit einer optimal abgestimmten, reifen und sch\u00f6nen S\u00e4ure. Er ist nicht laut, seine St\u00e4rke liegt in den leisen T\u00f6nen. Ein idealer Schorlewein. Online-Angebote gelten ausschlie\u00dflich bei Bestellung \u00fcber den Shop! [eng] Very fresh on the palate, with an optimally balanced, mature and beautiful acidity. He is not loud, his strength lies in the soft tones. For inquiries from abroad please contact us\u00a0 shop@lergenmueller.de . There are separate shipping costs.<\/p>\n","protected":false},"excerpt":{"rendered":"<p>Sehr frisch am Gaumen, mit einer optimal abgestimmten, reifen und sch\u00f6nen S\u00e4ure. Er ist nicht laut, seine St\u00e4rke liegt in den leisen T\u00f6nen. Ein idealer Schorlewein. Online-Angebote gelten ausschlie\u00dflich bei Bestellung \u00fcber den Shop! [eng] Very fresh on the palate, with an optimally balanced, mature and beautiful acidity. He is not loud, his strength lies [&hellip;]<\/p>\n","protected":false},"featured_media":336,"comment_status":"open","ping_status":"open","template":"","meta":[],"store":[21],"product_cat":[22],"product_tag":[23],"_links":{"self":[{"href":"https:\/\/unruffled-shirley.89-22-103-217.plesk.page\/index.php\/wp-json\/wp\/v2\/product\/246"}],"collection":[{"href":"https:\/\/unruffled-shirley.89-22-103-217.plesk.page\/index.php\/wp-json\/wp\/v2\/product"}],"about":[{"href":"https:\/\/unruffled-shirley.89-22-103-217.plesk.page\/index.php\/wp-json\/wp\/v2\/types\/product"}],"replies":[{"embeddable":true,"href":"https:\/\/unruffled-shirley.89-22-103-217.plesk.page\/index.php\/wp-json\/wp\/v2\/comments?post=246"}],"wp:featuredmedia":[{"embeddable":true,"href":"https:\/\/unruffled-shirley.89-22-103-217.plesk.page\/index.php\/wp-json\/wp\/v2\/media\/336"}],"wp:attachment":[{"href":"https:\/\/unruffled-shirley.89-22-103-217.plesk.page\/index.php\/wp-json\/wp\/v2\/media?parent=246"}],"wp:term":[{"taxonomy":"store","embeddable":true,"href":"https:\/\/unruffled-shirley.89-22-103-217.plesk.page\/index.php\/wp-json\/wp\/v2\/store?post=246"},{"taxonomy":"product_cat","embeddable":true,"href":"https:\/\/unruffled-shirley.89-22-103-217.plesk.page\/index.php\/wp-json\/wp\/v2\/product_cat?post=246"},{"taxonomy":"product_tag","embeddable":true,"href":"https:\/\/unruffled-shirley.89-22-103-217.plesk.page\/index.php\/wp-json\/wp\/v2\/product_tag?post=246"}],"curies":[{"name":"wp","href":"https:\/\/api.w.org\/{rel}","templated":true}]}}