{"id":242,"date":"2024-01-06T12:00:58","date_gmt":"2024-01-06T12:00:58","guid":{"rendered":"https:\/\/unruffled-shirley.89-22-103-217.plesk.page\/index.php\/produkt\/355-nn-monopollage-riesling-feinherb-bio\/"},"modified":"2024-01-06T12:02:31","modified_gmt":"2024-01-06T12:02:31","slug":"355-nn-monopollage-riesling-feinherb-bio","status":"publish","type":"product","link":"https:\/\/unruffled-shirley.89-22-103-217.plesk.page\/index.php\/produkt\/355-nn-monopollage-riesling-feinherb-bio\/","title":{"rendered":"&#8222;355 NN&#8220; &#8211; Monopollage Riesling feinherb &#8211; Bio"},"content":{"rendered":"<p>Aus der h\u00f6chsten Weinlage der Pfalz (355 NN) resultiert ein \u00e4u\u00dferst feingliedriger Riesling mit k\u00fchler Mineralit\u00e4t. Die in H\u00f6henalge gewachsene Weinstruktur steigert sich im Wechselspiel mit einem Hauch Fruchts\u00fc\u00dfe zu einem Wein von packender S\u00e4ure und elegantem K\u00f6rper. Online-Angebote gelten ausschlie\u00dflich bei Bestellung \u00fcber den Shop! [eng] Grown on our highest elevation vineyards at 355 NN within the boundaries of the natural reserve area of ST. Anna Hill. A wine characterised by clear mineral structure, harmonious acidity and freshness with long finish. For inquiries from abroad please contact us\u00a0 shop@lergenmueller.de .There are separate shipping costs.<\/p>\n","protected":false},"excerpt":{"rendered":"<p>Aus der h\u00f6chsten Weinlage der Pfalz (355 NN) resultiert ein \u00e4u\u00dferst feingliedriger Riesling mit k\u00fchler Mineralit\u00e4t. Die in H\u00f6henalge gewachsene Weinstruktur steigert sich im Wechselspiel mit einem Hauch Fruchts\u00fc\u00dfe zu einem Wein von packender S\u00e4ure und elegantem K\u00f6rper. Online-Angebote gelten ausschlie\u00dflich bei Bestellung \u00fcber den Shop! [eng] Grown on our highest elevation vineyards at 355 [&hellip;]<\/p>\n","protected":false},"featured_media":332,"comment_status":"open","ping_status":"open","template":"","meta":[],"store":[29],"product_cat":[22],"product_tag":[23],"_links":{"self":[{"href":"https:\/\/unruffled-shirley.89-22-103-217.plesk.page\/index.php\/wp-json\/wp\/v2\/product\/242"}],"collection":[{"href":"https:\/\/unruffled-shirley.89-22-103-217.plesk.page\/index.php\/wp-json\/wp\/v2\/product"}],"about":[{"href":"https:\/\/unruffled-shirley.89-22-103-217.plesk.page\/index.php\/wp-json\/wp\/v2\/types\/product"}],"replies":[{"embeddable":true,"href":"https:\/\/unruffled-shirley.89-22-103-217.plesk.page\/index.php\/wp-json\/wp\/v2\/comments?post=242"}],"wp:featuredmedia":[{"embeddable":true,"href":"https:\/\/unruffled-shirley.89-22-103-217.plesk.page\/index.php\/wp-json\/wp\/v2\/media\/332"}],"wp:attachment":[{"href":"https:\/\/unruffled-shirley.89-22-103-217.plesk.page\/index.php\/wp-json\/wp\/v2\/media?parent=242"}],"wp:term":[{"taxonomy":"store","embeddable":true,"href":"https:\/\/unruffled-shirley.89-22-103-217.plesk.page\/index.php\/wp-json\/wp\/v2\/store?post=242"},{"taxonomy":"product_cat","embeddable":true,"href":"https:\/\/unruffled-shirley.89-22-103-217.plesk.page\/index.php\/wp-json\/wp\/v2\/product_cat?post=242"},{"taxonomy":"product_tag","embeddable":true,"href":"https:\/\/unruffled-shirley.89-22-103-217.plesk.page\/index.php\/wp-json\/wp\/v2\/product_tag?post=242"}],"curies":[{"name":"wp","href":"https:\/\/api.w.org\/{rel}","templated":true}]}}