{"id":236,"date":"2024-01-06T12:00:58","date_gmt":"2024-01-06T12:00:58","guid":{"rendered":"https:\/\/unruffled-shirley.89-22-103-217.plesk.page\/index.php\/produkt\/liberte-rose-entalkoholisiert\/"},"modified":"2024-01-06T12:00:58","modified_gmt":"2024-01-06T12:00:58","slug":"liberte-rose-entalkoholisiert","status":"publish","type":"product","link":"https:\/\/unruffled-shirley.89-22-103-217.plesk.page\/index.php\/produkt\/liberte-rose-entalkoholisiert\/","title":{"rendered":"Libert\u00e9 Ros\u00e9 entalkoholisiert (<0,5% Vol.)"},"content":{"rendered":"<p>Der entalkoholisierte (<0,5% Vol.) Libert\u00e9 Ros\u00e9 Sekt zeigt ein animierendes, feinperliges S\u00e4urespiel. Begleitet wird dieses Geschmacksempfinden von erfrischenden Fruchtnuancen wie Himbeere und etwas Pink-Grapefruit, die f\u00fcr einen langanhaltenden Abgang sorgen. Ein perfekter Begleiter zum Aperitif, oder im Men\u00fc zum Sorbet. \u00a0 N\u00e4hrwerte g\/100ml: Gesamtbrennwert: 132 KJ\/100ml Gesamtbrennwert: 31 kcal\/100 ml Fett: <0,1 g\/100 ml Ges\u00e4ttigte Fetts\u00e4uren: <0,1 g\/100 ml Kohlenhydrate: 7,2 g\/100 ml Zucker: 7,2 g\/100 ml Eiwei\u00df: <0,1 g\/100 ml Salz: <0,01 g\/100 ml\u00a0 [eng] \u00a0 The non-alcoholic Sankt Anna Ros\u00e9 sparkling wine shows an animating, finely sparkling acidity. This taste sensation is accompanied by refreshing fruit nuances such as raspberry and some pink grapefruit, which ensure a long-lasting finish. A perfect accompaniment to the aperitif, or in the menu with th...\n<\/p>\n","protected":false},"excerpt":{"rendered":"<p>Der entalkoholisierte (<\/p>\n","protected":false},"featured_media":329,"comment_status":"open","ping_status":"open","template":"","meta":[],"store":[21],"product_cat":[22],"product_tag":[23],"_links":{"self":[{"href":"https:\/\/unruffled-shirley.89-22-103-217.plesk.page\/index.php\/wp-json\/wp\/v2\/product\/236"}],"collection":[{"href":"https:\/\/unruffled-shirley.89-22-103-217.plesk.page\/index.php\/wp-json\/wp\/v2\/product"}],"about":[{"href":"https:\/\/unruffled-shirley.89-22-103-217.plesk.page\/index.php\/wp-json\/wp\/v2\/types\/product"}],"replies":[{"embeddable":true,"href":"https:\/\/unruffled-shirley.89-22-103-217.plesk.page\/index.php\/wp-json\/wp\/v2\/comments?post=236"}],"wp:featuredmedia":[{"embeddable":true,"href":"https:\/\/unruffled-shirley.89-22-103-217.plesk.page\/index.php\/wp-json\/wp\/v2\/media\/329"}],"wp:attachment":[{"href":"https:\/\/unruffled-shirley.89-22-103-217.plesk.page\/index.php\/wp-json\/wp\/v2\/media?parent=236"}],"wp:term":[{"taxonomy":"store","embeddable":true,"href":"https:\/\/unruffled-shirley.89-22-103-217.plesk.page\/index.php\/wp-json\/wp\/v2\/store?post=236"},{"taxonomy":"product_cat","embeddable":true,"href":"https:\/\/unruffled-shirley.89-22-103-217.plesk.page\/index.php\/wp-json\/wp\/v2\/product_cat?post=236"},{"taxonomy":"product_tag","embeddable":true,"href":"https:\/\/unruffled-shirley.89-22-103-217.plesk.page\/index.php\/wp-json\/wp\/v2\/product_tag?post=236"}],"curies":[{"name":"wp","href":"https:\/\/api.w.org\/{rel}","templated":true}]}}