{"id":234,"date":"2024-01-06T11:55:28","date_gmt":"2024-01-06T11:55:28","guid":{"rendered":"https:\/\/unruffled-shirley.89-22-103-217.plesk.page\/index.php\/produkt\/gleisweiler-hoelle-grosse-lage-alte-reben\/"},"modified":"2024-01-06T12:00:52","modified_gmt":"2024-01-06T12:00:52","slug":"gleisweiler-hoelle-grosse-lage-alte-reben","status":"publish","type":"product","link":"https:\/\/unruffled-shirley.89-22-103-217.plesk.page\/index.php\/produkt\/gleisweiler-hoelle-grosse-lage-alte-reben\/","title":{"rendered":"Gleisweiler H\u00f6lle &#8211; Gro\u00dfe Lage -. Alte Reben"},"content":{"rendered":"<p>Unter permanentem Trockenstress w\u00e4chst hier ein Riesling unter schwierigsten Bedingungen. Bis zu 65-j\u00e4hrige Rebst\u00f6cke versuchen in 30 Metern Tiefe an vorhandene Wasservorr\u00e4te zu kommen, die im Buntsandstein nur kurzfristig gespeichert werden. Konzentriert werden die N\u00e4hrstoffe daher auf 2-3 Trauben pro Stock, statt auf 7-8. Intensiv fruchtige Rieslinge bilden das Resultat.\u00a0 \u00a0 Online-Angebote gelten ausschlie\u00dflich bei Bestellung \u00fcber den Shop! [eng] Great Riesling from one of the southern palatinates finest terroir vinyards ?the Gleisweiler H\u00f6lle?. This Riesling does impressively show rich fruit flavours paired with a fine dryness and pleasant creamy long lasting aftertaste. For request from abroad please contact us\u00a0 shop@lergenmueller.de<\/p>\n","protected":false},"excerpt":{"rendered":"<p>Unter permanentem Trockenstress w\u00e4chst hier ein Riesling unter schwierigsten Bedingungen. Bis zu 65-j\u00e4hrige Rebst\u00f6cke versuchen in 30 Metern Tiefe an vorhandene Wasservorr\u00e4te zu kommen, die im Buntsandstein nur kurzfristig gespeichert werden. Konzentriert werden die N\u00e4hrstoffe daher auf 2-3 Trauben pro Stock, statt auf 7-8. Intensiv fruchtige Rieslinge bilden das Resultat.\u00a0 \u00a0 Online-Angebote gelten ausschlie\u00dflich bei [&hellip;]<\/p>\n","protected":false},"featured_media":328,"comment_status":"open","ping_status":"open","template":"","meta":[],"store":[29],"product_cat":[22],"product_tag":[23],"_links":{"self":[{"href":"https:\/\/unruffled-shirley.89-22-103-217.plesk.page\/index.php\/wp-json\/wp\/v2\/product\/234"}],"collection":[{"href":"https:\/\/unruffled-shirley.89-22-103-217.plesk.page\/index.php\/wp-json\/wp\/v2\/product"}],"about":[{"href":"https:\/\/unruffled-shirley.89-22-103-217.plesk.page\/index.php\/wp-json\/wp\/v2\/types\/product"}],"replies":[{"embeddable":true,"href":"https:\/\/unruffled-shirley.89-22-103-217.plesk.page\/index.php\/wp-json\/wp\/v2\/comments?post=234"}],"wp:featuredmedia":[{"embeddable":true,"href":"https:\/\/unruffled-shirley.89-22-103-217.plesk.page\/index.php\/wp-json\/wp\/v2\/media\/328"}],"wp:attachment":[{"href":"https:\/\/unruffled-shirley.89-22-103-217.plesk.page\/index.php\/wp-json\/wp\/v2\/media?parent=234"}],"wp:term":[{"taxonomy":"store","embeddable":true,"href":"https:\/\/unruffled-shirley.89-22-103-217.plesk.page\/index.php\/wp-json\/wp\/v2\/store?post=234"},{"taxonomy":"product_cat","embeddable":true,"href":"https:\/\/unruffled-shirley.89-22-103-217.plesk.page\/index.php\/wp-json\/wp\/v2\/product_cat?post=234"},{"taxonomy":"product_tag","embeddable":true,"href":"https:\/\/unruffled-shirley.89-22-103-217.plesk.page\/index.php\/wp-json\/wp\/v2\/product_tag?post=234"}],"curies":[{"name":"wp","href":"https:\/\/api.w.org\/{rel}","templated":true}]}}