{"id":230,"date":"2024-01-06T11:55:28","date_gmt":"2024-01-06T11:55:28","guid":{"rendered":"https:\/\/unruffled-shirley.89-22-103-217.plesk.page\/index.php\/produkt\/birkweiler-kastanienbusch\/"},"modified":"2024-01-06T12:00:31","modified_gmt":"2024-01-06T12:00:31","slug":"birkweiler-kastanienbusch","status":"publish","type":"product","link":"https:\/\/unruffled-shirley.89-22-103-217.plesk.page\/index.php\/produkt\/birkweiler-kastanienbusch\/","title":{"rendered":"Birkweiler Kastanienbusch"},"content":{"rendered":"<p>Limited Edition! Eine Gro\u00dfe Gew\u00e4chs, in der Buntsandstein und Rotliegendes einen ausgereiften Riesling mit dichter Apfel- und Ananansfrucht schufen, begleitet von einer langen S\u00e4urelinie. Der komplexe K\u00f6rper entfaltet sich druckvoll am Gaumen und bereitet nach der l\u00e4ngeren Reifeperiode extremes Vergn\u00fcgen.\u00a0 Online-Angebote gelten ausschlie\u00dflich bei Bestellung \u00fcber den Shop! \u00a0 [eng] Limited edition! A large plant in which red sandstone and red liqueur created a mature Riesling with dense apple and pineapple fruit, accompanied by a long acid line. The complex body unfolds powerfully on the palate and is extremely enjoyable after the longer period of maturation. For request from abroad please contact us\u00a0 shop@lergenmueller.de<\/p>\n","protected":false},"excerpt":{"rendered":"<p>Limited Edition! Eine Gro\u00dfe Gew\u00e4chs, in der Buntsandstein und Rotliegendes einen ausgereiften Riesling mit dichter Apfel- und Ananansfrucht schufen, begleitet von einer langen S\u00e4urelinie. Der komplexe K\u00f6rper entfaltet sich druckvoll am Gaumen und bereitet nach der l\u00e4ngeren Reifeperiode extremes Vergn\u00fcgen.\u00a0 Online-Angebote gelten ausschlie\u00dflich bei Bestellung \u00fcber den Shop! \u00a0 [eng] Limited edition! A large plant [&hellip;]<\/p>\n","protected":false},"featured_media":326,"comment_status":"open","ping_status":"open","template":"","meta":[],"store":[29],"product_cat":[22],"product_tag":[23],"_links":{"self":[{"href":"https:\/\/unruffled-shirley.89-22-103-217.plesk.page\/index.php\/wp-json\/wp\/v2\/product\/230"}],"collection":[{"href":"https:\/\/unruffled-shirley.89-22-103-217.plesk.page\/index.php\/wp-json\/wp\/v2\/product"}],"about":[{"href":"https:\/\/unruffled-shirley.89-22-103-217.plesk.page\/index.php\/wp-json\/wp\/v2\/types\/product"}],"replies":[{"embeddable":true,"href":"https:\/\/unruffled-shirley.89-22-103-217.plesk.page\/index.php\/wp-json\/wp\/v2\/comments?post=230"}],"wp:featuredmedia":[{"embeddable":true,"href":"https:\/\/unruffled-shirley.89-22-103-217.plesk.page\/index.php\/wp-json\/wp\/v2\/media\/326"}],"wp:attachment":[{"href":"https:\/\/unruffled-shirley.89-22-103-217.plesk.page\/index.php\/wp-json\/wp\/v2\/media?parent=230"}],"wp:term":[{"taxonomy":"store","embeddable":true,"href":"https:\/\/unruffled-shirley.89-22-103-217.plesk.page\/index.php\/wp-json\/wp\/v2\/store?post=230"},{"taxonomy":"product_cat","embeddable":true,"href":"https:\/\/unruffled-shirley.89-22-103-217.plesk.page\/index.php\/wp-json\/wp\/v2\/product_cat?post=230"},{"taxonomy":"product_tag","embeddable":true,"href":"https:\/\/unruffled-shirley.89-22-103-217.plesk.page\/index.php\/wp-json\/wp\/v2\/product_tag?post=230"}],"curies":[{"name":"wp","href":"https:\/\/api.w.org\/{rel}","templated":true}]}}