{"id":228,"date":"2024-01-06T11:55:28","date_gmt":"2024-01-06T11:55:28","guid":{"rendered":"https:\/\/unruffled-shirley.89-22-103-217.plesk.page\/index.php\/produkt\/traditions-herrenhaus-winterrose-gluehwein\/"},"modified":"2024-01-06T11:58:55","modified_gmt":"2024-01-06T11:58:55","slug":"traditions-herrenhaus-winterrose-gluehwein","status":"publish","type":"product","link":"https:\/\/unruffled-shirley.89-22-103-217.plesk.page\/index.php\/produkt\/traditions-herrenhaus-winterrose-gluehwein\/","title":{"rendered":"Traditions Herrenhaus Winterros\u00e9 Gl\u00fchwein"},"content":{"rendered":"<p>Die traditionsreiche Familienrezeptur macht diesen Gl\u00fchros\u00e9 zum unwiderstehlichen Genusserlebnis. Ein besonders feuriges Highlight f\u00fcr die gem\u00fctliche Advents- und Winterzeit. Winterliche W\u00fcrze und typische Fruchtnuancen verw\u00f6hnen den Gaumen. Nur erw\u00e4rmen, NICHT kochen!\u00a0 \u00a0 \u00a0 \u00a0 [eng] \u00a0 Wintery-scented mulled wine with an aroma of cloves, cinnamon and orange ensures winter harmony. From its own selected grapes vinified and completed in the winery. For inquiries from abroad please contact us\u00a0 shop@lergenmueller.de .There are separate shipping costs.<\/p>\n","protected":false},"excerpt":{"rendered":"<p>Die traditionsreiche Familienrezeptur macht diesen Gl\u00fchros\u00e9 zum unwiderstehlichen Genusserlebnis. Ein besonders feuriges Highlight f\u00fcr die gem\u00fctliche Advents- und Winterzeit. Winterliche W\u00fcrze und typische Fruchtnuancen verw\u00f6hnen den Gaumen. Nur erw\u00e4rmen, NICHT kochen!\u00a0 \u00a0 \u00a0 \u00a0 [eng] \u00a0 Wintery-scented mulled wine with an aroma of cloves, cinnamon and orange ensures winter harmony. From its own selected grapes [&hellip;]<\/p>\n","protected":false},"featured_media":322,"comment_status":"open","ping_status":"open","template":"","meta":[],"store":[21],"product_cat":[22],"product_tag":[23],"_links":{"self":[{"href":"https:\/\/unruffled-shirley.89-22-103-217.plesk.page\/index.php\/wp-json\/wp\/v2\/product\/228"}],"collection":[{"href":"https:\/\/unruffled-shirley.89-22-103-217.plesk.page\/index.php\/wp-json\/wp\/v2\/product"}],"about":[{"href":"https:\/\/unruffled-shirley.89-22-103-217.plesk.page\/index.php\/wp-json\/wp\/v2\/types\/product"}],"replies":[{"embeddable":true,"href":"https:\/\/unruffled-shirley.89-22-103-217.plesk.page\/index.php\/wp-json\/wp\/v2\/comments?post=228"}],"wp:featuredmedia":[{"embeddable":true,"href":"https:\/\/unruffled-shirley.89-22-103-217.plesk.page\/index.php\/wp-json\/wp\/v2\/media\/322"}],"wp:attachment":[{"href":"https:\/\/unruffled-shirley.89-22-103-217.plesk.page\/index.php\/wp-json\/wp\/v2\/media?parent=228"}],"wp:term":[{"taxonomy":"store","embeddable":true,"href":"https:\/\/unruffled-shirley.89-22-103-217.plesk.page\/index.php\/wp-json\/wp\/v2\/store?post=228"},{"taxonomy":"product_cat","embeddable":true,"href":"https:\/\/unruffled-shirley.89-22-103-217.plesk.page\/index.php\/wp-json\/wp\/v2\/product_cat?post=228"},{"taxonomy":"product_tag","embeddable":true,"href":"https:\/\/unruffled-shirley.89-22-103-217.plesk.page\/index.php\/wp-json\/wp\/v2\/product_tag?post=228"}],"curies":[{"name":"wp","href":"https:\/\/api.w.org\/{rel}","templated":true}]}}