{"id":226,"date":"2024-01-06T12:00:58","date_gmt":"2024-01-06T12:00:58","guid":{"rendered":"https:\/\/unruffled-shirley.89-22-103-217.plesk.page\/index.php\/produkt\/burrweiler-schaewer-grosse-lage\/"},"modified":"2024-01-06T12:03:01","modified_gmt":"2024-01-06T12:03:01","slug":"burrweiler-schaewer-grosse-lage","status":"publish","type":"product","link":"https:\/\/unruffled-shirley.89-22-103-217.plesk.page\/index.php\/produkt\/burrweiler-schaewer-grosse-lage\/","title":{"rendered":"Burrweiler Sch\u00e4wer &#8211; Gro\u00dfe Lage"},"content":{"rendered":"<p>Die einzige Schieferlage der Pfalz und gleichzeitig Gro\u00dfe Gew\u00e4chs-Lage, die Rieslinge mit einem ungeheuren Potential und Langlebigkeit hervorbringt. Pr\u00e4sente S\u00e4ure, klare Mineralit\u00e4t, Geradlinigkeit und feiner Schmelz kombiniert mit k\u00fchler Frische. Apfel, mit saftigen Noten von Zitrus und etwas Passionsfrucht begleitet von kr\u00e4ftigen gelben reifen Fruchtnoten. Online-Angebote gelten ausschlie\u00dflich bei Bestellung \u00fcber den Shop! \u00a0 [eng] Great The only slate location in the Palatinate and at the same time a large greenhouse that produces Rieslings with enormous potential and longevity. Present acidity, clear minerality, straightness and fine enamel combined with cool freshness. Apple, with juicy notes of citrus and some passion fruit, accompanied by strong yellow ripe fruit notes. For request from abroad please contact us\u00a0 shop@lergenmueller.de<\/p>\n","protected":false},"excerpt":{"rendered":"<p>Die einzige Schieferlage der Pfalz und gleichzeitig Gro\u00dfe Gew\u00e4chs-Lage, die Rieslinge mit einem ungeheuren Potential und Langlebigkeit hervorbringt. Pr\u00e4sente S\u00e4ure, klare Mineralit\u00e4t, Geradlinigkeit und feiner Schmelz kombiniert mit k\u00fchler Frische. Apfel, mit saftigen Noten von Zitrus und etwas Passionsfrucht begleitet von kr\u00e4ftigen gelben reifen Fruchtnoten. Online-Angebote gelten ausschlie\u00dflich bei Bestellung \u00fcber den Shop! \u00a0 [eng] [&hellip;]<\/p>\n","protected":false},"featured_media":333,"comment_status":"open","ping_status":"open","template":"","meta":[],"store":[29],"product_cat":[22],"product_tag":[23],"_links":{"self":[{"href":"https:\/\/unruffled-shirley.89-22-103-217.plesk.page\/index.php\/wp-json\/wp\/v2\/product\/226"}],"collection":[{"href":"https:\/\/unruffled-shirley.89-22-103-217.plesk.page\/index.php\/wp-json\/wp\/v2\/product"}],"about":[{"href":"https:\/\/unruffled-shirley.89-22-103-217.plesk.page\/index.php\/wp-json\/wp\/v2\/types\/product"}],"replies":[{"embeddable":true,"href":"https:\/\/unruffled-shirley.89-22-103-217.plesk.page\/index.php\/wp-json\/wp\/v2\/comments?post=226"}],"wp:featuredmedia":[{"embeddable":true,"href":"https:\/\/unruffled-shirley.89-22-103-217.plesk.page\/index.php\/wp-json\/wp\/v2\/media\/333"}],"wp:attachment":[{"href":"https:\/\/unruffled-shirley.89-22-103-217.plesk.page\/index.php\/wp-json\/wp\/v2\/media?parent=226"}],"wp:term":[{"taxonomy":"store","embeddable":true,"href":"https:\/\/unruffled-shirley.89-22-103-217.plesk.page\/index.php\/wp-json\/wp\/v2\/store?post=226"},{"taxonomy":"product_cat","embeddable":true,"href":"https:\/\/unruffled-shirley.89-22-103-217.plesk.page\/index.php\/wp-json\/wp\/v2\/product_cat?post=226"},{"taxonomy":"product_tag","embeddable":true,"href":"https:\/\/unruffled-shirley.89-22-103-217.plesk.page\/index.php\/wp-json\/wp\/v2\/product_tag?post=226"}],"curies":[{"name":"wp","href":"https:\/\/api.w.org\/{rel}","templated":true}]}}