{"id":218,"date":"2024-01-06T11:55:28","date_gmt":"2024-01-06T11:55:28","guid":{"rendered":"https:\/\/unruffled-shirley.89-22-103-217.plesk.page\/index.php\/produkt\/lergenmueller-rose-sekt-brut\/"},"modified":"2024-01-06T11:56:25","modified_gmt":"2024-01-06T11:56:25","slug":"lergenmueller-rose-sekt-brut","status":"publish","type":"product","link":"https:\/\/unruffled-shirley.89-22-103-217.plesk.page\/index.php\/produkt\/lergenmueller-rose-sekt-brut\/","title":{"rendered":"Lergenm\u00fcller Ros\u00e9 Sekt brut"},"content":{"rendered":"<p>Der Lergenm\u00fcller Ros\u00e9 Sekt brut zeigt eine erfrischende Beerenfrucht mit Himbeeraromen und einem sch\u00f6nen Erdbeerduft. Er \u00fcberzeugt mit einer erfrischenden Perlage und einer hervorragend eingebundenen S\u00e4ure, gepaart mit einer feinen Cremigkeit. [eng] A brilliant sparkling wine impresses with its fresh perlage on the palate. Fine fruit nuances of strawberry and raspberry complement perfectly the fine acidity and the creamy finish. For inquiries from abroad please contact us\u00a0 shop@lergenmueller.de .There are separate shipping costs. \u00a0<\/p>\n","protected":false},"excerpt":{"rendered":"<p>Der Lergenm\u00fcller Ros\u00e9 Sekt brut zeigt eine erfrischende Beerenfrucht mit Himbeeraromen und einem sch\u00f6nen Erdbeerduft. Er \u00fcberzeugt mit einer erfrischenden Perlage und einer hervorragend eingebundenen S\u00e4ure, gepaart mit einer feinen Cremigkeit. [eng] A brilliant sparkling wine impresses with its fresh perlage on the palate. Fine fruit nuances of strawberry and raspberry complement perfectly the fine [&hellip;]<\/p>\n","protected":false},"featured_media":314,"comment_status":"open","ping_status":"open","template":"","meta":[],"store":[21],"product_cat":[22],"product_tag":[23],"_links":{"self":[{"href":"https:\/\/unruffled-shirley.89-22-103-217.plesk.page\/index.php\/wp-json\/wp\/v2\/product\/218"}],"collection":[{"href":"https:\/\/unruffled-shirley.89-22-103-217.plesk.page\/index.php\/wp-json\/wp\/v2\/product"}],"about":[{"href":"https:\/\/unruffled-shirley.89-22-103-217.plesk.page\/index.php\/wp-json\/wp\/v2\/types\/product"}],"replies":[{"embeddable":true,"href":"https:\/\/unruffled-shirley.89-22-103-217.plesk.page\/index.php\/wp-json\/wp\/v2\/comments?post=218"}],"wp:featuredmedia":[{"embeddable":true,"href":"https:\/\/unruffled-shirley.89-22-103-217.plesk.page\/index.php\/wp-json\/wp\/v2\/media\/314"}],"wp:attachment":[{"href":"https:\/\/unruffled-shirley.89-22-103-217.plesk.page\/index.php\/wp-json\/wp\/v2\/media?parent=218"}],"wp:term":[{"taxonomy":"store","embeddable":true,"href":"https:\/\/unruffled-shirley.89-22-103-217.plesk.page\/index.php\/wp-json\/wp\/v2\/store?post=218"},{"taxonomy":"product_cat","embeddable":true,"href":"https:\/\/unruffled-shirley.89-22-103-217.plesk.page\/index.php\/wp-json\/wp\/v2\/product_cat?post=218"},{"taxonomy":"product_tag","embeddable":true,"href":"https:\/\/unruffled-shirley.89-22-103-217.plesk.page\/index.php\/wp-json\/wp\/v2\/product_tag?post=218"}],"curies":[{"name":"wp","href":"https:\/\/api.w.org\/{rel}","templated":true}]}}