{"id":216,"date":"2024-01-06T11:55:28","date_gmt":"2024-01-06T11:55:28","guid":{"rendered":"https:\/\/unruffled-shirley.89-22-103-217.plesk.page\/index.php\/produkt\/2022-john-silver-riesling-chardonnay\/"},"modified":"2024-01-06T11:56:22","modified_gmt":"2024-01-06T11:56:22","slug":"2022-john-silver-riesling-chardonnay","status":"publish","type":"product","link":"https:\/\/unruffled-shirley.89-22-103-217.plesk.page\/index.php\/produkt\/2022-john-silver-riesling-chardonnay\/","title":{"rendered":"2022 John Silver &#8211; Riesling &#038; Chardonnay"},"content":{"rendered":"<p>Ein wahrer Schatz f\u00fcr Genie\u00dfer: John Silver &#8222;Riesling &#038; Chardonnay&#8220; trocken. Fruchtige, leichte Zitrussnoten, Apfel und etwas Melone. Hervorragend ausbalancierter Wein mit einem ausgeglichenen Rests\u00fc\u00dfe &#8211; S\u00e4urespiel. Eine aufregende und abenteuerliche Genussreise. [eng] A real treasure for connoisseurs: John Silver &#8222;Riesling &#038; Chardonnay&#8220; dry. Fruity, light citrus notes, apple and some melon. Excellent balanced wine with a balanced residual sweetness and acidity. An exciting and adventurous journey of pleasure. For inquiries from abroad please contact us\u00a0 shop@lergenmueller.de . There are separate shipping costs.<\/p>\n","protected":false},"excerpt":{"rendered":"<p>Ein wahrer Schatz f\u00fcr Genie\u00dfer: John Silver &#8222;Riesling &#038; Chardonnay&#8220; trocken. Fruchtige, leichte Zitrussnoten, Apfel und etwas Melone. Hervorragend ausbalancierter Wein mit einem ausgeglichenen Rests\u00fc\u00dfe &#8211; S\u00e4urespiel. Eine aufregende und abenteuerliche Genussreise. [eng] A real treasure for connoisseurs: John Silver &#8222;Riesling &#038; Chardonnay&#8220; dry. Fruity, light citrus notes, apple and some melon. Excellent balanced wine [&hellip;]<\/p>\n","protected":false},"featured_media":313,"comment_status":"open","ping_status":"open","template":"","meta":[],"store":[25],"product_cat":[22],"product_tag":[23],"_links":{"self":[{"href":"https:\/\/unruffled-shirley.89-22-103-217.plesk.page\/index.php\/wp-json\/wp\/v2\/product\/216"}],"collection":[{"href":"https:\/\/unruffled-shirley.89-22-103-217.plesk.page\/index.php\/wp-json\/wp\/v2\/product"}],"about":[{"href":"https:\/\/unruffled-shirley.89-22-103-217.plesk.page\/index.php\/wp-json\/wp\/v2\/types\/product"}],"replies":[{"embeddable":true,"href":"https:\/\/unruffled-shirley.89-22-103-217.plesk.page\/index.php\/wp-json\/wp\/v2\/comments?post=216"}],"wp:featuredmedia":[{"embeddable":true,"href":"https:\/\/unruffled-shirley.89-22-103-217.plesk.page\/index.php\/wp-json\/wp\/v2\/media\/313"}],"wp:attachment":[{"href":"https:\/\/unruffled-shirley.89-22-103-217.plesk.page\/index.php\/wp-json\/wp\/v2\/media?parent=216"}],"wp:term":[{"taxonomy":"store","embeddable":true,"href":"https:\/\/unruffled-shirley.89-22-103-217.plesk.page\/index.php\/wp-json\/wp\/v2\/store?post=216"},{"taxonomy":"product_cat","embeddable":true,"href":"https:\/\/unruffled-shirley.89-22-103-217.plesk.page\/index.php\/wp-json\/wp\/v2\/product_cat?post=216"},{"taxonomy":"product_tag","embeddable":true,"href":"https:\/\/unruffled-shirley.89-22-103-217.plesk.page\/index.php\/wp-json\/wp\/v2\/product_tag?post=216"}],"curies":[{"name":"wp","href":"https:\/\/api.w.org\/{rel}","templated":true}]}}