{"id":214,"date":"2024-01-06T11:55:28","date_gmt":"2024-01-06T11:55:28","guid":{"rendered":"https:\/\/unruffled-shirley.89-22-103-217.plesk.page\/index.php\/produkt\/ganzs-oder-gar-nicht\/"},"modified":"2024-01-06T11:56:12","modified_gmt":"2024-01-06T11:56:12","slug":"ganzs-oder-gar-nicht","status":"publish","type":"product","link":"https:\/\/unruffled-shirley.89-22-103-217.plesk.page\/index.php\/produkt\/ganzs-oder-gar-nicht\/","title":{"rendered":"Ganz[s] oder gar nicht"},"content":{"rendered":"<p>Diese Cuv\u00e9e aus\u00a0St. Laurent, Merlot, Dornfelder macht seinem Namen alle Ehre. Die rubinrote kr\u00e4ftige Farbe wird von beerigen, intensiven Geschmacksaromen und w\u00fcrzigen Eindr\u00fccken, bis hin zu einem zarten Schokoladen-Aroma begleitet. Die Cuv\u00e9e darf nat\u00fcrlich keineswegs beim traditionellen G\u00e4nseessen fehlen. Eine sp\u00fcrbare S\u00e4ure balanciert hervorragend das knusprig gebratene Gericht und unterst\u00fctzt die kr\u00e4ftigen Beilagen und dunklen Saucen. [eng] This cuv\u00e9e from St. Laurent, Merlot, Dornfelder lives up to its name. The ruby-red bold color turns from berry, intense flavors and spicy impressions, to a delicate chocolate flavor. Of course, the cuv\u00e9e should not be missing from traditional goose dinners. A noticeable acidity perfectly balances the crispy fried dish and supports the hefty side dishes and dark sauces.\u00a0 For inquiries from abroad please contact us\u00a0 shop@lergenmuelle&#8230;<\/p>\n","protected":false},"excerpt":{"rendered":"<p>Diese Cuv\u00e9e aus\u00a0St. Laurent, Merlot, Dornfelder macht seinem Namen alle Ehre. Die rubinrote kr\u00e4ftige Farbe wird von beerigen, intensiven Geschmacksaromen und w\u00fcrzigen Eindr\u00fccken, bis hin zu einem zarten Schokoladen-Aroma begleitet. Die Cuv\u00e9e darf nat\u00fcrlich keineswegs beim traditionellen G\u00e4nseessen fehlen. Eine sp\u00fcrbare S\u00e4ure balanciert hervorragend das knusprig gebratene Gericht und unterst\u00fctzt die kr\u00e4ftigen Beilagen und dunklen [&hellip;]<\/p>\n","protected":false},"featured_media":312,"comment_status":"open","ping_status":"open","template":"","meta":[],"store":[21],"product_cat":[22],"product_tag":[23],"_links":{"self":[{"href":"https:\/\/unruffled-shirley.89-22-103-217.plesk.page\/index.php\/wp-json\/wp\/v2\/product\/214"}],"collection":[{"href":"https:\/\/unruffled-shirley.89-22-103-217.plesk.page\/index.php\/wp-json\/wp\/v2\/product"}],"about":[{"href":"https:\/\/unruffled-shirley.89-22-103-217.plesk.page\/index.php\/wp-json\/wp\/v2\/types\/product"}],"replies":[{"embeddable":true,"href":"https:\/\/unruffled-shirley.89-22-103-217.plesk.page\/index.php\/wp-json\/wp\/v2\/comments?post=214"}],"wp:featuredmedia":[{"embeddable":true,"href":"https:\/\/unruffled-shirley.89-22-103-217.plesk.page\/index.php\/wp-json\/wp\/v2\/media\/312"}],"wp:attachment":[{"href":"https:\/\/unruffled-shirley.89-22-103-217.plesk.page\/index.php\/wp-json\/wp\/v2\/media?parent=214"}],"wp:term":[{"taxonomy":"store","embeddable":true,"href":"https:\/\/unruffled-shirley.89-22-103-217.plesk.page\/index.php\/wp-json\/wp\/v2\/store?post=214"},{"taxonomy":"product_cat","embeddable":true,"href":"https:\/\/unruffled-shirley.89-22-103-217.plesk.page\/index.php\/wp-json\/wp\/v2\/product_cat?post=214"},{"taxonomy":"product_tag","embeddable":true,"href":"https:\/\/unruffled-shirley.89-22-103-217.plesk.page\/index.php\/wp-json\/wp\/v2\/product_tag?post=214"}],"curies":[{"name":"wp","href":"https:\/\/api.w.org\/{rel}","templated":true}]}}