{"id":212,"date":"2024-01-06T11:55:28","date_gmt":"2024-01-06T11:55:28","guid":{"rendered":"https:\/\/unruffled-shirley.89-22-103-217.plesk.page\/index.php\/produkt\/2022-mueller-thurgau-feinherb\/"},"modified":"2024-01-06T11:55:30","modified_gmt":"2024-01-06T11:55:30","slug":"2022-mueller-thurgau-feinherb","status":"publish","type":"product","link":"https:\/\/unruffled-shirley.89-22-103-217.plesk.page\/index.php\/produkt\/2022-mueller-thurgau-feinherb\/","title":{"rendered":"2022 M\u00fcller Thurgau feinherb"},"content":{"rendered":"<p>M\u00fcller-Thurgau steht in der Pfalz f\u00fcr eine Traditionsrebsorte, die aktuell ein Revival erlebt. Klassisch halbtrocken ausgebaut pr\u00e4sentiert diese Rebsorte florale und fruchtige Aromen. Die moderate S\u00e4ure des M\u00fcller-Thurgaus ist duraus typisch. Daher bietet sich der M\u00fcller-Thurgau nicht nur als Terrassenwein oder f\u00fcr eine pf\u00e4lzer Schorle bei warmen Temperaturen an, sondern passt auch zur Fr\u00fchlings- und Sommerk\u00fcche, Gefl\u00fcgel und vegetarischen Gerichten. Eine wirklich einzigartige Res\u00fc\u00dfe &#8211; S\u00e4ure &#8211; Balance. Online-Angebote gelten ausschlie\u00dflich bei Bestellung \u00fcber den Shop! [eng] M\u00fcller-Thurgau is a traditional grape variety in Palatinate, which is currently experiencing a revival. Expanded in a classic semi dry style, this variety presents very floral and fruity aromas. Therefore, the M\u00fcller-Thurgau is not only suitable as a terrace wine or as a refreshing spritzer in warm temperatures, b&#8230;<\/p>\n","protected":false},"excerpt":{"rendered":"<p>M\u00fcller-Thurgau steht in der Pfalz f\u00fcr eine Traditionsrebsorte, die aktuell ein Revival erlebt. Klassisch halbtrocken ausgebaut pr\u00e4sentiert diese Rebsorte florale und fruchtige Aromen. Die moderate S\u00e4ure des M\u00fcller-Thurgaus ist duraus typisch. Daher bietet sich der M\u00fcller-Thurgau nicht nur als Terrassenwein oder f\u00fcr eine pf\u00e4lzer Schorle bei warmen Temperaturen an, sondern passt auch zur Fr\u00fchlings- und [&hellip;]<\/p>\n","protected":false},"featured_media":310,"comment_status":"open","ping_status":"open","template":"","meta":[],"store":[21],"product_cat":[22],"product_tag":[23],"_links":{"self":[{"href":"https:\/\/unruffled-shirley.89-22-103-217.plesk.page\/index.php\/wp-json\/wp\/v2\/product\/212"}],"collection":[{"href":"https:\/\/unruffled-shirley.89-22-103-217.plesk.page\/index.php\/wp-json\/wp\/v2\/product"}],"about":[{"href":"https:\/\/unruffled-shirley.89-22-103-217.plesk.page\/index.php\/wp-json\/wp\/v2\/types\/product"}],"replies":[{"embeddable":true,"href":"https:\/\/unruffled-shirley.89-22-103-217.plesk.page\/index.php\/wp-json\/wp\/v2\/comments?post=212"}],"wp:featuredmedia":[{"embeddable":true,"href":"https:\/\/unruffled-shirley.89-22-103-217.plesk.page\/index.php\/wp-json\/wp\/v2\/media\/310"}],"wp:attachment":[{"href":"https:\/\/unruffled-shirley.89-22-103-217.plesk.page\/index.php\/wp-json\/wp\/v2\/media?parent=212"}],"wp:term":[{"taxonomy":"store","embeddable":true,"href":"https:\/\/unruffled-shirley.89-22-103-217.plesk.page\/index.php\/wp-json\/wp\/v2\/store?post=212"},{"taxonomy":"product_cat","embeddable":true,"href":"https:\/\/unruffled-shirley.89-22-103-217.plesk.page\/index.php\/wp-json\/wp\/v2\/product_cat?post=212"},{"taxonomy":"product_tag","embeddable":true,"href":"https:\/\/unruffled-shirley.89-22-103-217.plesk.page\/index.php\/wp-json\/wp\/v2\/product_tag?post=212"}],"curies":[{"name":"wp","href":"https:\/\/api.w.org\/{rel}","templated":true}]}}