{"id":208,"date":"2024-01-06T11:53:12","date_gmt":"2024-01-06T11:53:12","guid":{"rendered":"https:\/\/unruffled-shirley.89-22-103-217.plesk.page\/index.php\/produkt\/ilbesheimer-kalmit-grosse-lage\/"},"modified":"2024-01-06T11:55:22","modified_gmt":"2024-01-06T11:55:22","slug":"ilbesheimer-kalmit-grosse-lage","status":"publish","type":"product","link":"https:\/\/unruffled-shirley.89-22-103-217.plesk.page\/index.php\/produkt\/ilbesheimer-kalmit-grosse-lage\/","title":{"rendered":"Ilbesheimer Kalmit &#8211; Gro\u00dfe Lage"},"content":{"rendered":"<p>Die Gro\u00dfe Gew\u00e4chs-Lage aus dem Weingut meiner Mutter geh\u00f6rte 2014 zum ersten Mal zu den Sankt Annaberg Rieslingen. Eleganz und Langlebigkeit sind die ausschlaggebeneden Charaktereigenschaften dieses Rieslings.Die j\u00e4hrliche Gesamtproduktion betr\u00e4gt ca. 750 Flaschen. Online-Angebote gelten ausschlie\u00dflich bei Bestellung \u00fcber den Shop! [eng] Our Ilbesheimer Kalmit is a GG location (limestone). The is perfectly integrated by the alkaline lime, minimal sweetness gives it an almost endless finish. For inquiries from abroad please contact us\u00a0 shop@lergenmueller.de .There are separate shipping costs.<\/p>\n","protected":false},"excerpt":{"rendered":"<p>Die Gro\u00dfe Gew\u00e4chs-Lage aus dem Weingut meiner Mutter geh\u00f6rte 2014 zum ersten Mal zu den Sankt Annaberg Rieslingen. Eleganz und Langlebigkeit sind die ausschlaggebeneden Charaktereigenschaften dieses Rieslings.Die j\u00e4hrliche Gesamtproduktion betr\u00e4gt ca. 750 Flaschen. Online-Angebote gelten ausschlie\u00dflich bei Bestellung \u00fcber den Shop! [eng] Our Ilbesheimer Kalmit is a GG location (limestone). The is perfectly integrated by [&hellip;]<\/p>\n","protected":false},"featured_media":308,"comment_status":"open","ping_status":"open","template":"","meta":[],"store":[29],"product_cat":[22],"product_tag":[23],"_links":{"self":[{"href":"https:\/\/unruffled-shirley.89-22-103-217.plesk.page\/index.php\/wp-json\/wp\/v2\/product\/208"}],"collection":[{"href":"https:\/\/unruffled-shirley.89-22-103-217.plesk.page\/index.php\/wp-json\/wp\/v2\/product"}],"about":[{"href":"https:\/\/unruffled-shirley.89-22-103-217.plesk.page\/index.php\/wp-json\/wp\/v2\/types\/product"}],"replies":[{"embeddable":true,"href":"https:\/\/unruffled-shirley.89-22-103-217.plesk.page\/index.php\/wp-json\/wp\/v2\/comments?post=208"}],"wp:featuredmedia":[{"embeddable":true,"href":"https:\/\/unruffled-shirley.89-22-103-217.plesk.page\/index.php\/wp-json\/wp\/v2\/media\/308"}],"wp:attachment":[{"href":"https:\/\/unruffled-shirley.89-22-103-217.plesk.page\/index.php\/wp-json\/wp\/v2\/media?parent=208"}],"wp:term":[{"taxonomy":"store","embeddable":true,"href":"https:\/\/unruffled-shirley.89-22-103-217.plesk.page\/index.php\/wp-json\/wp\/v2\/store?post=208"},{"taxonomy":"product_cat","embeddable":true,"href":"https:\/\/unruffled-shirley.89-22-103-217.plesk.page\/index.php\/wp-json\/wp\/v2\/product_cat?post=208"},{"taxonomy":"product_tag","embeddable":true,"href":"https:\/\/unruffled-shirley.89-22-103-217.plesk.page\/index.php\/wp-json\/wp\/v2\/product_tag?post=208"}],"curies":[{"name":"wp","href":"https:\/\/api.w.org\/{rel}","templated":true}]}}