{"id":206,"date":"2024-01-06T11:53:12","date_gmt":"2024-01-06T11:53:12","guid":{"rendered":"https:\/\/unruffled-shirley.89-22-103-217.plesk.page\/index.php\/produkt\/terrassenlage-monopollage\/"},"modified":"2024-01-06T11:55:20","modified_gmt":"2024-01-06T11:55:20","slug":"terrassenlage-monopollage","status":"publish","type":"product","link":"https:\/\/unruffled-shirley.89-22-103-217.plesk.page\/index.php\/produkt\/terrassenlage-monopollage\/","title":{"rendered":"&#8222;Terrassenlage&#8220; &#8211; Monopollage"},"content":{"rendered":"<p>Unsere Lage im Alleinbesitz zieht sich auf Weinbergterrassen auf sandigen B\u00f6den unterhalb der Sankt Annakapelle entlang. Unabh\u00e4ngig von benachbarten Einfl\u00fcssen arbeiten wir umweltschonend und naturbewusst am Rande des\u00a0 Naturschutzgebietes Pf\u00e4lzer Wald.\u00a0 Online-Angebote gelten ausschlie\u00dflich bei Bestellung \u00fcber den Shop! \u00a0 [eng] From one of our most exposed terrace vineyards &#8211; in our sole proprietary &#8211; in the natural reserve area of ST. Anna Hill. A wine characterised by a very pleasant fresh and formidable fruit, being evocated of young peaches. For request from abroad please contact us\u00a0 shop@lergenmueller.de<\/p>\n","protected":false},"excerpt":{"rendered":"<p>Unsere Lage im Alleinbesitz zieht sich auf Weinbergterrassen auf sandigen B\u00f6den unterhalb der Sankt Annakapelle entlang. Unabh\u00e4ngig von benachbarten Einfl\u00fcssen arbeiten wir umweltschonend und naturbewusst am Rande des\u00a0 Naturschutzgebietes Pf\u00e4lzer Wald.\u00a0 Online-Angebote gelten ausschlie\u00dflich bei Bestellung \u00fcber den Shop! \u00a0 [eng] From one of our most exposed terrace vineyards &#8211; in our sole proprietary &#8211; [&hellip;]<\/p>\n","protected":false},"featured_media":307,"comment_status":"open","ping_status":"open","template":"","meta":[],"store":[29],"product_cat":[22],"product_tag":[23],"_links":{"self":[{"href":"https:\/\/unruffled-shirley.89-22-103-217.plesk.page\/index.php\/wp-json\/wp\/v2\/product\/206"}],"collection":[{"href":"https:\/\/unruffled-shirley.89-22-103-217.plesk.page\/index.php\/wp-json\/wp\/v2\/product"}],"about":[{"href":"https:\/\/unruffled-shirley.89-22-103-217.plesk.page\/index.php\/wp-json\/wp\/v2\/types\/product"}],"replies":[{"embeddable":true,"href":"https:\/\/unruffled-shirley.89-22-103-217.plesk.page\/index.php\/wp-json\/wp\/v2\/comments?post=206"}],"wp:featuredmedia":[{"embeddable":true,"href":"https:\/\/unruffled-shirley.89-22-103-217.plesk.page\/index.php\/wp-json\/wp\/v2\/media\/307"}],"wp:attachment":[{"href":"https:\/\/unruffled-shirley.89-22-103-217.plesk.page\/index.php\/wp-json\/wp\/v2\/media?parent=206"}],"wp:term":[{"taxonomy":"store","embeddable":true,"href":"https:\/\/unruffled-shirley.89-22-103-217.plesk.page\/index.php\/wp-json\/wp\/v2\/store?post=206"},{"taxonomy":"product_cat","embeddable":true,"href":"https:\/\/unruffled-shirley.89-22-103-217.plesk.page\/index.php\/wp-json\/wp\/v2\/product_cat?post=206"},{"taxonomy":"product_tag","embeddable":true,"href":"https:\/\/unruffled-shirley.89-22-103-217.plesk.page\/index.php\/wp-json\/wp\/v2\/product_tag?post=206"}],"curies":[{"name":"wp","href":"https:\/\/api.w.org\/{rel}","templated":true}]}}