{"id":198,"date":"2024-01-06T11:53:12","date_gmt":"2024-01-06T11:53:12","guid":{"rendered":"https:\/\/unruffled-shirley.89-22-103-217.plesk.page\/index.php\/produkt\/lergenmueller-riesling-sekt-brut\/"},"modified":"2024-01-06T11:54:49","modified_gmt":"2024-01-06T11:54:49","slug":"lergenmueller-riesling-sekt-brut","status":"publish","type":"product","link":"https:\/\/unruffled-shirley.89-22-103-217.plesk.page\/index.php\/produkt\/lergenmueller-riesling-sekt-brut\/","title":{"rendered":"Lergenm\u00fcller Riesling Sekt brut"},"content":{"rendered":"<p>Der Lergenm\u00fcller Riesling Sekt brut zeigt eine klare Rieslingfrucht, begleitet von Aromen von gr\u00fcnem, reifem Apfel und reifer Quitte, mit einer erfrischenden Perlage. Einer hervorragenden, eingebundenen S\u00e4ure und einer feinen Cremigkeit. \u00a0 [eng] A brilliant sparkling wine impresses with its fresh perlage on the palate. Fine fruit nuances of green apple and ripe quince complement perfectly the fine acidity and the creamy finish. For inquiries from abroad please contact us\u00a0 shop@lergenmueller.de .There are separate shipping costs. \u00a0<\/p>\n","protected":false},"excerpt":{"rendered":"<p>Der Lergenm\u00fcller Riesling Sekt brut zeigt eine klare Rieslingfrucht, begleitet von Aromen von gr\u00fcnem, reifem Apfel und reifer Quitte, mit einer erfrischenden Perlage. Einer hervorragenden, eingebundenen S\u00e4ure und einer feinen Cremigkeit. \u00a0 [eng] A brilliant sparkling wine impresses with its fresh perlage on the palate. Fine fruit nuances of green apple and ripe quince complement [&hellip;]<\/p>\n","protected":false},"featured_media":301,"comment_status":"open","ping_status":"open","template":"","meta":[],"store":[21],"product_cat":[22],"product_tag":[23],"_links":{"self":[{"href":"https:\/\/unruffled-shirley.89-22-103-217.plesk.page\/index.php\/wp-json\/wp\/v2\/product\/198"}],"collection":[{"href":"https:\/\/unruffled-shirley.89-22-103-217.plesk.page\/index.php\/wp-json\/wp\/v2\/product"}],"about":[{"href":"https:\/\/unruffled-shirley.89-22-103-217.plesk.page\/index.php\/wp-json\/wp\/v2\/types\/product"}],"replies":[{"embeddable":true,"href":"https:\/\/unruffled-shirley.89-22-103-217.plesk.page\/index.php\/wp-json\/wp\/v2\/comments?post=198"}],"wp:featuredmedia":[{"embeddable":true,"href":"https:\/\/unruffled-shirley.89-22-103-217.plesk.page\/index.php\/wp-json\/wp\/v2\/media\/301"}],"wp:attachment":[{"href":"https:\/\/unruffled-shirley.89-22-103-217.plesk.page\/index.php\/wp-json\/wp\/v2\/media?parent=198"}],"wp:term":[{"taxonomy":"store","embeddable":true,"href":"https:\/\/unruffled-shirley.89-22-103-217.plesk.page\/index.php\/wp-json\/wp\/v2\/store?post=198"},{"taxonomy":"product_cat","embeddable":true,"href":"https:\/\/unruffled-shirley.89-22-103-217.plesk.page\/index.php\/wp-json\/wp\/v2\/product_cat?post=198"},{"taxonomy":"product_tag","embeddable":true,"href":"https:\/\/unruffled-shirley.89-22-103-217.plesk.page\/index.php\/wp-json\/wp\/v2\/product_tag?post=198"}],"curies":[{"name":"wp","href":"https:\/\/api.w.org\/{rel}","templated":true}]}}