{"id":194,"date":"2023-11-28T13:31:59","date_gmt":"2023-11-28T13:31:59","guid":{"rendered":"https:\/\/unruffled-shirley.89-22-103-217.plesk.page\/index.php\/produkt\/2022-oak-steel-chardonnay-trocken\/"},"modified":"2023-11-28T13:33:23","modified_gmt":"2023-11-28T13:33:23","slug":"2022-oak-steel-chardonnay-trocken","status":"publish","type":"product","link":"https:\/\/unruffled-shirley.89-22-103-217.plesk.page\/index.php\/produkt\/2022-oak-steel-chardonnay-trocken\/","title":{"rendered":"2022 Oak &#038; Steel &#8211; Chardonnay trocken"},"content":{"rendered":"<p>Die Oak &#038; Steel &#8211; Linie verbindet zwei unterschiedliche Ausbaustile miteinander: den Stahl- und Holzausbau des Weins. Der Chardonnay pr\u00e4sentiert zun\u00e4chst eine frische, gelbe Fruchtpalette (Birne, gelber Apfel). Nicht zu vergessen ist die leicht nussige Eigenschaft der Sorte. &#8222;Vom Holz gek\u00fcsst&#8220; entwickelt dieser Chardonnay die ausgedehnte Cremigkeit am Gaumen und \u00fcberrascht mit kr\u00e4utigen Noten. Ein wundersch\u00f6nes Zusammenspiel von Rests\u00fc\u00dfe und S\u00e4ure macht diesen Wein zum perfekten Men\u00fcbegleiter. Hervorragend geeignet zu Kartoffelgerichten, vegetarischen Varianten, gebratenem Fisch, Meeresfr\u00fcchte oder zur deftigen K\u00e4seauswahl (Hartk\u00e4se) [eng] The Oak &#038; Steel line combines two different aging styles: the steel and wood aging of the wine. The Chardonnay initially presents a fresh, yellow fruit palette (pear, yellow apple). Not to be forgotten is the slightly nutty quality of the va&#8230;<\/p>\n","protected":false},"excerpt":{"rendered":"<p>Die Oak &#038; Steel &#8211; Linie verbindet zwei unterschiedliche Ausbaustile miteinander: den Stahl- und Holzausbau des Weins. Der Chardonnay pr\u00e4sentiert zun\u00e4chst eine frische, gelbe Fruchtpalette (Birne, gelber Apfel). Nicht zu vergessen ist die leicht nussige Eigenschaft der Sorte. &#8222;Vom Holz gek\u00fcsst&#8220; entwickelt dieser Chardonnay die ausgedehnte Cremigkeit am Gaumen und \u00fcberrascht mit kr\u00e4utigen Noten. Ein [&hellip;]<\/p>\n","protected":false},"featured_media":195,"comment_status":"open","ping_status":"open","template":"","meta":[],"store":[25],"product_cat":[22],"product_tag":[23],"_links":{"self":[{"href":"https:\/\/unruffled-shirley.89-22-103-217.plesk.page\/index.php\/wp-json\/wp\/v2\/product\/194"}],"collection":[{"href":"https:\/\/unruffled-shirley.89-22-103-217.plesk.page\/index.php\/wp-json\/wp\/v2\/product"}],"about":[{"href":"https:\/\/unruffled-shirley.89-22-103-217.plesk.page\/index.php\/wp-json\/wp\/v2\/types\/product"}],"replies":[{"embeddable":true,"href":"https:\/\/unruffled-shirley.89-22-103-217.plesk.page\/index.php\/wp-json\/wp\/v2\/comments?post=194"}],"wp:featuredmedia":[{"embeddable":true,"href":"https:\/\/unruffled-shirley.89-22-103-217.plesk.page\/index.php\/wp-json\/wp\/v2\/media\/195"}],"wp:attachment":[{"href":"https:\/\/unruffled-shirley.89-22-103-217.plesk.page\/index.php\/wp-json\/wp\/v2\/media?parent=194"}],"wp:term":[{"taxonomy":"store","embeddable":true,"href":"https:\/\/unruffled-shirley.89-22-103-217.plesk.page\/index.php\/wp-json\/wp\/v2\/store?post=194"},{"taxonomy":"product_cat","embeddable":true,"href":"https:\/\/unruffled-shirley.89-22-103-217.plesk.page\/index.php\/wp-json\/wp\/v2\/product_cat?post=194"},{"taxonomy":"product_tag","embeddable":true,"href":"https:\/\/unruffled-shirley.89-22-103-217.plesk.page\/index.php\/wp-json\/wp\/v2\/product_tag?post=194"}],"curies":[{"name":"wp","href":"https:\/\/api.w.org\/{rel}","templated":true}]}}