{"id":192,"date":"2023-11-28T13:31:59","date_gmt":"2023-11-28T13:31:59","guid":{"rendered":"https:\/\/unruffled-shirley.89-22-103-217.plesk.page\/index.php\/produkt\/2020-oak-steel-cabernet-sauvignon-trocken\/"},"modified":"2023-11-28T13:33:21","modified_gmt":"2023-11-28T13:33:21","slug":"2020-oak-steel-cabernet-sauvignon-trocken","status":"publish","type":"product","link":"https:\/\/unruffled-shirley.89-22-103-217.plesk.page\/index.php\/produkt\/2020-oak-steel-cabernet-sauvignon-trocken\/","title":{"rendered":"2020 Oak &#038; Steel &#8211; Cabernet Sauvignon trocken"},"content":{"rendered":"<p>Die Oak &#038; Steel &#8211; Linie verbindet zwei unterschiedliche Ausbaustile miteinander: Stahl und Holz. Die frische Prim\u00e4rfrucht, die durch den Ausbau im Edelstahltank entsteht, impliziert kr\u00e4ftige Beerenfrucht in Kombination mit gr\u00fcner Paprika und einem Hauch Eukalyptus. Erweitert durch den Ausbau im Holzfass erh\u00e4lt der Cabernet Sauvignon eine reife Note. Nuancen von dunkler Schokolade und Vanille zeigen ihre Pr\u00e4senz. [eng] The Oak &#038; Steel line combines two different construction styles: steel and wood. The fresh primary fruit, which is created by the expansion in the stainless steel tank, implies strong berry fruit in combination with green peppers and a hint of eucalyptus. The Cabernet Sauvignon gets a ripe note when it is matured in wooden barrels. Nuances of dark chocolate and vanilla show their presence. For inquiries from abroad please contact us\u00a0 shop@lergenmueller.de .T&#8230;<\/p>\n","protected":false},"excerpt":{"rendered":"<p>Die Oak &#038; Steel &#8211; Linie verbindet zwei unterschiedliche Ausbaustile miteinander: Stahl und Holz. Die frische Prim\u00e4rfrucht, die durch den Ausbau im Edelstahltank entsteht, impliziert kr\u00e4ftige Beerenfrucht in Kombination mit gr\u00fcner Paprika und einem Hauch Eukalyptus. Erweitert durch den Ausbau im Holzfass erh\u00e4lt der Cabernet Sauvignon eine reife Note. Nuancen von dunkler Schokolade und Vanille [&hellip;]<\/p>\n","protected":false},"featured_media":193,"comment_status":"open","ping_status":"open","template":"","meta":[],"store":[25],"product_cat":[22],"product_tag":[23],"_links":{"self":[{"href":"https:\/\/unruffled-shirley.89-22-103-217.plesk.page\/index.php\/wp-json\/wp\/v2\/product\/192"}],"collection":[{"href":"https:\/\/unruffled-shirley.89-22-103-217.plesk.page\/index.php\/wp-json\/wp\/v2\/product"}],"about":[{"href":"https:\/\/unruffled-shirley.89-22-103-217.plesk.page\/index.php\/wp-json\/wp\/v2\/types\/product"}],"replies":[{"embeddable":true,"href":"https:\/\/unruffled-shirley.89-22-103-217.plesk.page\/index.php\/wp-json\/wp\/v2\/comments?post=192"}],"wp:featuredmedia":[{"embeddable":true,"href":"https:\/\/unruffled-shirley.89-22-103-217.plesk.page\/index.php\/wp-json\/wp\/v2\/media\/193"}],"wp:attachment":[{"href":"https:\/\/unruffled-shirley.89-22-103-217.plesk.page\/index.php\/wp-json\/wp\/v2\/media?parent=192"}],"wp:term":[{"taxonomy":"store","embeddable":true,"href":"https:\/\/unruffled-shirley.89-22-103-217.plesk.page\/index.php\/wp-json\/wp\/v2\/store?post=192"},{"taxonomy":"product_cat","embeddable":true,"href":"https:\/\/unruffled-shirley.89-22-103-217.plesk.page\/index.php\/wp-json\/wp\/v2\/product_cat?post=192"},{"taxonomy":"product_tag","embeddable":true,"href":"https:\/\/unruffled-shirley.89-22-103-217.plesk.page\/index.php\/wp-json\/wp\/v2\/product_tag?post=192"}],"curies":[{"name":"wp","href":"https:\/\/api.w.org\/{rel}","templated":true}]}}