{"id":190,"date":"2024-01-06T11:53:12","date_gmt":"2024-01-06T11:53:12","guid":{"rendered":"https:\/\/unruffled-shirley.89-22-103-217.plesk.page\/index.php\/produkt\/2022-charlotte-de-berry-rose-trocken\/"},"modified":"2024-01-06T11:54:40","modified_gmt":"2024-01-06T11:54:40","slug":"2022-charlotte-de-berry-rose-trocken","status":"publish","type":"product","link":"https:\/\/unruffled-shirley.89-22-103-217.plesk.page\/index.php\/produkt\/2022-charlotte-de-berry-rose-trocken\/","title":{"rendered":"2022 Charlotte de Berry &#8211; Ros\u00e9 trocken"},"content":{"rendered":"<p>Verf\u00fchrerisch und charmant, dank toller zarter Fruchtaromen (Erdbeere, Himbeere) in der Nase. Zugleich mit ordentlich Biss und wilden T\u00f6nen. Eine wahre Piratenbraut eben, die mit ihren weichen Strukturen und der moderaten S\u00e4ure jeden in ihren Bann zieht. Die Cuv\u00e9e aus Merlot und Blauem Portugieser ist ein absoluter Fr\u00fchlings- und Sommerwein. Besonders gut geeignet zu Salatvariationen, Gem\u00fcse, hell gebratenem Fleisch und als erfrischender Terrassenwein. [eng]\u00a0 Seductive and charming, thanks to great, delicate fruit aromas (strawberry, raspberry) on the nose. At the same time with a lot of bite and wild tones. A real pirate bride, who casts a spell on everyone with her soft structures and moderate acidity. The cuv\u00e9e made from Merlot and Blauer Portugieser is an absolute spring and summer wine. Particularly suitable with salads, vegetables, lightly roasted meat and as a refreshing t&#8230;<\/p>\n","protected":false},"excerpt":{"rendered":"<p>Verf\u00fchrerisch und charmant, dank toller zarter Fruchtaromen (Erdbeere, Himbeere) in der Nase. Zugleich mit ordentlich Biss und wilden T\u00f6nen. Eine wahre Piratenbraut eben, die mit ihren weichen Strukturen und der moderaten S\u00e4ure jeden in ihren Bann zieht. Die Cuv\u00e9e aus Merlot und Blauem Portugieser ist ein absoluter Fr\u00fchlings- und Sommerwein. Besonders gut geeignet zu Salatvariationen, [&hellip;]<\/p>\n","protected":false},"featured_media":298,"comment_status":"open","ping_status":"open","template":"","meta":[],"store":[25],"product_cat":[22],"product_tag":[23],"_links":{"self":[{"href":"https:\/\/unruffled-shirley.89-22-103-217.plesk.page\/index.php\/wp-json\/wp\/v2\/product\/190"}],"collection":[{"href":"https:\/\/unruffled-shirley.89-22-103-217.plesk.page\/index.php\/wp-json\/wp\/v2\/product"}],"about":[{"href":"https:\/\/unruffled-shirley.89-22-103-217.plesk.page\/index.php\/wp-json\/wp\/v2\/types\/product"}],"replies":[{"embeddable":true,"href":"https:\/\/unruffled-shirley.89-22-103-217.plesk.page\/index.php\/wp-json\/wp\/v2\/comments?post=190"}],"wp:featuredmedia":[{"embeddable":true,"href":"https:\/\/unruffled-shirley.89-22-103-217.plesk.page\/index.php\/wp-json\/wp\/v2\/media\/298"}],"wp:attachment":[{"href":"https:\/\/unruffled-shirley.89-22-103-217.plesk.page\/index.php\/wp-json\/wp\/v2\/media?parent=190"}],"wp:term":[{"taxonomy":"store","embeddable":true,"href":"https:\/\/unruffled-shirley.89-22-103-217.plesk.page\/index.php\/wp-json\/wp\/v2\/store?post=190"},{"taxonomy":"product_cat","embeddable":true,"href":"https:\/\/unruffled-shirley.89-22-103-217.plesk.page\/index.php\/wp-json\/wp\/v2\/product_cat?post=190"},{"taxonomy":"product_tag","embeddable":true,"href":"https:\/\/unruffled-shirley.89-22-103-217.plesk.page\/index.php\/wp-json\/wp\/v2\/product_tag?post=190"}],"curies":[{"name":"wp","href":"https:\/\/api.w.org\/{rel}","templated":true}]}}