{"id":188,"date":"2024-01-06T11:53:12","date_gmt":"2024-01-06T11:53:12","guid":{"rendered":"https:\/\/unruffled-shirley.89-22-103-217.plesk.page\/index.php\/produkt\/2020-black-beard-rotwein-cuvee\/"},"modified":"2024-01-06T11:54:37","modified_gmt":"2024-01-06T11:54:37","slug":"2020-black-beard-rotwein-cuvee","status":"publish","type":"product","link":"https:\/\/unruffled-shirley.89-22-103-217.plesk.page\/index.php\/produkt\/2020-black-beard-rotwein-cuvee\/","title":{"rendered":"2020 Black Beard &#8211; Rotwein-Cuv\u00e9e"},"content":{"rendered":"<p>Als &#8222;Piratenschatz&#8220; wurde unser Black Beard \u00fcber mehrere Jahre in unserem Kellerverlies geh\u00fctet. Kr\u00e4ftig und edel stellt er sich im Vergleich mit den Giganten der sieben Weltmeere. Die Rotweincuv\u00e9e aus Cabernet Sauvignon, Merlot und Sankt Laurent pr\u00e4sentiert sich stolz, wuchtig, fruchtintensiv (Holunderbeere und Wildkirsche)\u00a0und sehr kompakt. Ein starkes Tanninger\u00fcst verleiht dem Black Beard zudem interessantes Reifepotential. [eng] As a &#8222;pirate treasure&#8220;, our Black Beard was kept in Lergenm\u00fcller&#8217;s cellar dungeon for several years. He compares himself to the giants of the seven seas, strong and noble. The red wine cuv\u00e9e made from Cabernet Sauvignon, Merlot and Sankt Laurent is proud, massive, fruit-intensive (elderberry and wild cherry) and very compact. A strong tannin structure also gives the Black Beard interesting aging potential. For inquiries from abroad please contact us&#038;n&#8230;<\/p>\n","protected":false},"excerpt":{"rendered":"<p>Als &#8222;Piratenschatz&#8220; wurde unser Black Beard \u00fcber mehrere Jahre in unserem Kellerverlies geh\u00fctet. Kr\u00e4ftig und edel stellt er sich im Vergleich mit den Giganten der sieben Weltmeere. Die Rotweincuv\u00e9e aus Cabernet Sauvignon, Merlot und Sankt Laurent pr\u00e4sentiert sich stolz, wuchtig, fruchtintensiv (Holunderbeere und Wildkirsche)\u00a0und sehr kompakt. Ein starkes Tanninger\u00fcst verleiht dem Black Beard zudem interessantes [&hellip;]<\/p>\n","protected":false},"featured_media":297,"comment_status":"open","ping_status":"open","template":"","meta":[],"store":[25],"product_cat":[22],"product_tag":[23],"_links":{"self":[{"href":"https:\/\/unruffled-shirley.89-22-103-217.plesk.page\/index.php\/wp-json\/wp\/v2\/product\/188"}],"collection":[{"href":"https:\/\/unruffled-shirley.89-22-103-217.plesk.page\/index.php\/wp-json\/wp\/v2\/product"}],"about":[{"href":"https:\/\/unruffled-shirley.89-22-103-217.plesk.page\/index.php\/wp-json\/wp\/v2\/types\/product"}],"replies":[{"embeddable":true,"href":"https:\/\/unruffled-shirley.89-22-103-217.plesk.page\/index.php\/wp-json\/wp\/v2\/comments?post=188"}],"wp:featuredmedia":[{"embeddable":true,"href":"https:\/\/unruffled-shirley.89-22-103-217.plesk.page\/index.php\/wp-json\/wp\/v2\/media\/297"}],"wp:attachment":[{"href":"https:\/\/unruffled-shirley.89-22-103-217.plesk.page\/index.php\/wp-json\/wp\/v2\/media?parent=188"}],"wp:term":[{"taxonomy":"store","embeddable":true,"href":"https:\/\/unruffled-shirley.89-22-103-217.plesk.page\/index.php\/wp-json\/wp\/v2\/store?post=188"},{"taxonomy":"product_cat","embeddable":true,"href":"https:\/\/unruffled-shirley.89-22-103-217.plesk.page\/index.php\/wp-json\/wp\/v2\/product_cat?post=188"},{"taxonomy":"product_tag","embeddable":true,"href":"https:\/\/unruffled-shirley.89-22-103-217.plesk.page\/index.php\/wp-json\/wp\/v2\/product_tag?post=188"}],"curies":[{"name":"wp","href":"https:\/\/api.w.org\/{rel}","templated":true}]}}