{"id":182,"date":"2024-01-06T11:53:12","date_gmt":"2024-01-06T11:53:12","guid":{"rendered":"https:\/\/unruffled-shirley.89-22-103-217.plesk.page\/index.php\/produkt\/freibeuter-secco-alkoholfrei\/"},"modified":"2024-01-06T11:53:30","modified_gmt":"2024-01-06T11:53:30","slug":"freibeuter-secco-alkoholfrei","status":"publish","type":"product","link":"https:\/\/unruffled-shirley.89-22-103-217.plesk.page\/index.php\/produkt\/freibeuter-secco-alkoholfrei\/","title":{"rendered":"Freibeuter &#8211; Secco alkoholfrei"},"content":{"rendered":"<p>Der Freibeuter ist unser alkoholfreier Trauben-Secco. Er zeigt sich von einer erfrischenden Frucht und einer feinen S\u00fc\u00dfe. Dieser eignet sich wunderbar f\u00fcr alkoholfreie Cocktails, pur oder auf Eis; zum Beispiel im Original Pirates Longdrink Glas. Auch als ?Kindersekt? gut geeignet. N\u00e4hwerte g\/100ml: Gesamtbrennwert: 315 KJ\/100ml Gesamtbrennwert: 74 kcal\/100 ml Fett: <0,1 g\/100 ml Ges\u00e4ttigte Fetts\u00e4uren: <0,1 g\/100 ml Kohlenhydrate: 17,5 g\/100 ml Zucker: 17,5 g\/100 ml Eiwei\u00df: <0,1 g\/100 ml Salz: <0,01 g\/100 ml\u00a0 \u00a0 [eng] The privateer is our non-alcoholic grape secco. It shows itself from a refreshing fruit and a fine sweetness. This is wonderfully suitable for non-alcoholic cocktails, pure or on ice; for example in the original Pirates long drink glass. Also suitable as a ?children's champagne?. For inquiries from abroad please contact us\u00a0 shop@lergenmueller.de ...\n<\/p>\n","protected":false},"excerpt":{"rendered":"<p>Der Freibeuter ist unser alkoholfreier Trauben-Secco. Er zeigt sich von einer erfrischenden Frucht und einer feinen S\u00fc\u00dfe. Dieser eignet sich wunderbar f\u00fcr alkoholfreie Cocktails, pur oder auf Eis; zum Beispiel im Original Pirates Longdrink Glas. Auch als ?Kindersekt? gut geeignet. N\u00e4hwerte g\/100ml: Gesamtbrennwert: 315 KJ\/100ml Gesamtbrennwert: 74 kcal\/100 ml Fett:<\/p>\n","protected":false},"featured_media":294,"comment_status":"open","ping_status":"open","template":"","meta":[],"store":[25],"product_cat":[22],"product_tag":[23],"_links":{"self":[{"href":"https:\/\/unruffled-shirley.89-22-103-217.plesk.page\/index.php\/wp-json\/wp\/v2\/product\/182"}],"collection":[{"href":"https:\/\/unruffled-shirley.89-22-103-217.plesk.page\/index.php\/wp-json\/wp\/v2\/product"}],"about":[{"href":"https:\/\/unruffled-shirley.89-22-103-217.plesk.page\/index.php\/wp-json\/wp\/v2\/types\/product"}],"replies":[{"embeddable":true,"href":"https:\/\/unruffled-shirley.89-22-103-217.plesk.page\/index.php\/wp-json\/wp\/v2\/comments?post=182"}],"wp:featuredmedia":[{"embeddable":true,"href":"https:\/\/unruffled-shirley.89-22-103-217.plesk.page\/index.php\/wp-json\/wp\/v2\/media\/294"}],"wp:attachment":[{"href":"https:\/\/unruffled-shirley.89-22-103-217.plesk.page\/index.php\/wp-json\/wp\/v2\/media?parent=182"}],"wp:term":[{"taxonomy":"store","embeddable":true,"href":"https:\/\/unruffled-shirley.89-22-103-217.plesk.page\/index.php\/wp-json\/wp\/v2\/store?post=182"},{"taxonomy":"product_cat","embeddable":true,"href":"https:\/\/unruffled-shirley.89-22-103-217.plesk.page\/index.php\/wp-json\/wp\/v2\/product_cat?post=182"},{"taxonomy":"product_tag","embeddable":true,"href":"https:\/\/unruffled-shirley.89-22-103-217.plesk.page\/index.php\/wp-json\/wp\/v2\/product_tag?post=182"}],"curies":[{"name":"wp","href":"https:\/\/api.w.org\/{rel}","templated":true}]}}