{"id":180,"date":"2024-01-06T11:53:12","date_gmt":"2024-01-06T11:53:12","guid":{"rendered":"https:\/\/unruffled-shirley.89-22-103-217.plesk.page\/index.php\/produkt\/2019-philipp-l-reserve-trocken\/"},"modified":"2024-01-06T11:53:27","modified_gmt":"2024-01-06T11:53:27","slug":"2019-philipp-l-reserve-trocken","status":"publish","type":"product","link":"https:\/\/unruffled-shirley.89-22-103-217.plesk.page\/index.php\/produkt\/2019-philipp-l-reserve-trocken\/","title":{"rendered":"2019 &#8222;Philipp L&#8220; Reserve trocken"},"content":{"rendered":"<p>Die Cuv\u00e9e von Cabernet Sauvignon, Cabernet Franc und Tempranillo ist eine perfektionierte Komposition von harmonischen, abgestimmten Aromen mit vegetativen Noten, bis hin zu Cassis, Kirsche und Gew\u00fcrze. Die &#8222;Philipp L&#8220; Cuv\u00e9e spiegelt die Vorstellung und das einzigartige Wein-Geschmacks-Gef\u00fchl des Winzers wider. Komplexit\u00e4t, W\u00fcrze, Struktur und Aromen vereinen sich hier zu einer wundervollen Rotweincuv\u00e9e &#8211; welches sich karaffiert von der besten Seite zeigt. Die Lagerf\u00e4higkeit bei dieser Privatreserve liegt bei bis zu 8 Jahren. Speiseempfehlung : BBQ, gebratenes Fleisch, Ofengem\u00fcse, Pizza und Pasta, Festtags-Men\u00fc [eng] The cuv\u00e9e of Cabernet Sauvignon, Cabernet Franc and Tempranillo is a perfected composition of harmonious, harmonious aromas with vegetative notes, to cassis, cherry and spices. The handwriting reflects the imagination and the unique wine-tasting feel of the winemaker. Com&#8230;<\/p>\n","protected":false},"excerpt":{"rendered":"<p>Die Cuv\u00e9e von Cabernet Sauvignon, Cabernet Franc und Tempranillo ist eine perfektionierte Komposition von harmonischen, abgestimmten Aromen mit vegetativen Noten, bis hin zu Cassis, Kirsche und Gew\u00fcrze. Die &#8222;Philipp L&#8220; Cuv\u00e9e spiegelt die Vorstellung und das einzigartige Wein-Geschmacks-Gef\u00fchl des Winzers wider. Komplexit\u00e4t, W\u00fcrze, Struktur und Aromen vereinen sich hier zu einer wundervollen Rotweincuv\u00e9e &#8211; welches [&hellip;]<\/p>\n","protected":false},"featured_media":293,"comment_status":"open","ping_status":"open","template":"","meta":[],"store":[21],"product_cat":[22],"product_tag":[23],"_links":{"self":[{"href":"https:\/\/unruffled-shirley.89-22-103-217.plesk.page\/index.php\/wp-json\/wp\/v2\/product\/180"}],"collection":[{"href":"https:\/\/unruffled-shirley.89-22-103-217.plesk.page\/index.php\/wp-json\/wp\/v2\/product"}],"about":[{"href":"https:\/\/unruffled-shirley.89-22-103-217.plesk.page\/index.php\/wp-json\/wp\/v2\/types\/product"}],"replies":[{"embeddable":true,"href":"https:\/\/unruffled-shirley.89-22-103-217.plesk.page\/index.php\/wp-json\/wp\/v2\/comments?post=180"}],"wp:featuredmedia":[{"embeddable":true,"href":"https:\/\/unruffled-shirley.89-22-103-217.plesk.page\/index.php\/wp-json\/wp\/v2\/media\/293"}],"wp:attachment":[{"href":"https:\/\/unruffled-shirley.89-22-103-217.plesk.page\/index.php\/wp-json\/wp\/v2\/media?parent=180"}],"wp:term":[{"taxonomy":"store","embeddable":true,"href":"https:\/\/unruffled-shirley.89-22-103-217.plesk.page\/index.php\/wp-json\/wp\/v2\/store?post=180"},{"taxonomy":"product_cat","embeddable":true,"href":"https:\/\/unruffled-shirley.89-22-103-217.plesk.page\/index.php\/wp-json\/wp\/v2\/product_cat?post=180"},{"taxonomy":"product_tag","embeddable":true,"href":"https:\/\/unruffled-shirley.89-22-103-217.plesk.page\/index.php\/wp-json\/wp\/v2\/product_tag?post=180"}],"curies":[{"name":"wp","href":"https:\/\/api.w.org\/{rel}","templated":true}]}}