{"id":176,"date":"2024-01-06T11:53:12","date_gmt":"2024-01-06T11:53:12","guid":{"rendered":"https:\/\/unruffled-shirley.89-22-103-217.plesk.page\/index.php\/produkt\/2020-roter-lehm-merlot-trocken\/"},"modified":"2024-01-06T11:53:22","modified_gmt":"2024-01-06T11:53:22","slug":"2020-roter-lehm-merlot-trocken","status":"publish","type":"product","link":"https:\/\/unruffled-shirley.89-22-103-217.plesk.page\/index.php\/produkt\/2020-roter-lehm-merlot-trocken\/","title":{"rendered":"2020 &#8222;Roter Lehm&#8220; Merlot trocken"},"content":{"rendered":"<p>Schwere rote Lehmb\u00f6den und der Einfluss des mediterranen Klimas zeichnen sich verantwortlich f\u00fcr die kr\u00e4ftige Opulenz und reife Kirschfrucht. Herrlich weiche Tannine schmiegen sich elegant an den volumin\u00f6sen K\u00f6rper und die harmonisch eingebundene S\u00e4ure. Gereift im Holzfass, entfaltet dieser Merlot wundervoll balancierte R\u00f6staromen, die f\u00fcr einen langanhaltenden Nachhall sorgen. Hervorragend geeignet zu Wildgerichten, kr\u00e4ftigen Saucen, Hartk\u00e4se oder vegetarischen Gerichten. Speiseempfehlung : BBQ, gebratenes Fleisch, Ofengem\u00fcse, Pizza und Pasta, K\u00e4seauswahl, Fine Dining, Pulled Pork Abbildung: Symbol &#8211; Foto. * Falstaff Shortlist-Tasting 2\/2018 &#8211; 90 Punkte * Falstaff Shortlist-Tasting 5\/2018 &#8211; 90 Punkte [eng] Heavy red clay soils and the influence of the Mediterranean climate are responsible for the strong opulence and ripe cherry fruit. Wonderfully soft tannins nestle elegantly against&#8230;<\/p>\n","protected":false},"excerpt":{"rendered":"<p>Schwere rote Lehmb\u00f6den und der Einfluss des mediterranen Klimas zeichnen sich verantwortlich f\u00fcr die kr\u00e4ftige Opulenz und reife Kirschfrucht. Herrlich weiche Tannine schmiegen sich elegant an den volumin\u00f6sen K\u00f6rper und die harmonisch eingebundene S\u00e4ure. Gereift im Holzfass, entfaltet dieser Merlot wundervoll balancierte R\u00f6staromen, die f\u00fcr einen langanhaltenden Nachhall sorgen. Hervorragend geeignet zu Wildgerichten, kr\u00e4ftigen Saucen, [&hellip;]<\/p>\n","protected":false},"featured_media":291,"comment_status":"open","ping_status":"open","template":"","meta":[],"store":[21],"product_cat":[22],"product_tag":[23],"_links":{"self":[{"href":"https:\/\/unruffled-shirley.89-22-103-217.plesk.page\/index.php\/wp-json\/wp\/v2\/product\/176"}],"collection":[{"href":"https:\/\/unruffled-shirley.89-22-103-217.plesk.page\/index.php\/wp-json\/wp\/v2\/product"}],"about":[{"href":"https:\/\/unruffled-shirley.89-22-103-217.plesk.page\/index.php\/wp-json\/wp\/v2\/types\/product"}],"replies":[{"embeddable":true,"href":"https:\/\/unruffled-shirley.89-22-103-217.plesk.page\/index.php\/wp-json\/wp\/v2\/comments?post=176"}],"wp:featuredmedia":[{"embeddable":true,"href":"https:\/\/unruffled-shirley.89-22-103-217.plesk.page\/index.php\/wp-json\/wp\/v2\/media\/291"}],"wp:attachment":[{"href":"https:\/\/unruffled-shirley.89-22-103-217.plesk.page\/index.php\/wp-json\/wp\/v2\/media?parent=176"}],"wp:term":[{"taxonomy":"store","embeddable":true,"href":"https:\/\/unruffled-shirley.89-22-103-217.plesk.page\/index.php\/wp-json\/wp\/v2\/store?post=176"},{"taxonomy":"product_cat","embeddable":true,"href":"https:\/\/unruffled-shirley.89-22-103-217.plesk.page\/index.php\/wp-json\/wp\/v2\/product_cat?post=176"},{"taxonomy":"product_tag","embeddable":true,"href":"https:\/\/unruffled-shirley.89-22-103-217.plesk.page\/index.php\/wp-json\/wp\/v2\/product_tag?post=176"}],"curies":[{"name":"wp","href":"https:\/\/api.w.org\/{rel}","templated":true}]}}