{"id":172,"date":"2024-01-06T11:53:12","date_gmt":"2024-01-06T11:53:12","guid":{"rendered":"https:\/\/unruffled-shirley.89-22-103-217.plesk.page\/index.php\/produkt\/2019-urgestein-st-laurent-trocken\/"},"modified":"2024-01-06T11:53:13","modified_gmt":"2024-01-06T11:53:13","slug":"2019-urgestein-st-laurent-trocken","status":"publish","type":"product","link":"https:\/\/unruffled-shirley.89-22-103-217.plesk.page\/index.php\/produkt\/2019-urgestein-st-laurent-trocken\/","title":{"rendered":"2019 Urgestein St. Laurent trocken"},"content":{"rendered":"<p>Das Urgestein der Rotweinerzeugung im Weingut Lergenm\u00fcller. Hinter dem Namen &#8222;Urgestein&#8220; gl\u00e4nzt ein kr\u00e4ftiger Sankt Laurent mit \u00fcppiger Frucht wie Heidelbeere und Wildkirsche, gefolgt von einem pfeffrig-w\u00fcrzigem K\u00f6rper und weichen Tanninen. Dieser Wein vereint den Geschmack von Waldbeeren, mit dunklem Holunder und Ans\u00e4tzen von rauchigen Tabaknoten. Die pr\u00e4sente S\u00e4ure ist ein gutes Zeichen f\u00fcr die Lagerf\u00e4higkeit dieses Weins. Wir empfehlen diesen Wein zu karaffieren. Dadurch bekommt er einen samtigen, gehaltvollen Eindruck am Gaumen. Das ?Urgestein? passt perfekt zu rotem Fleisch und Wildgerichten. &#8222;Symbol-Foto&#8220;\u00a0 [eng] The ?Urgestein? of red wine production at the Lergenm\u00fcller winery. Behind the name &#8222;Urgestein&#8220; shines a strong Sankt Laurent with lush fruit such as blueberries and wild cherries, followed by a peppery-spicy body and soft tannins. This wine combines the taste of for&#8230;<\/p>\n","protected":false},"excerpt":{"rendered":"<p>Das Urgestein der Rotweinerzeugung im Weingut Lergenm\u00fcller. Hinter dem Namen &#8222;Urgestein&#8220; gl\u00e4nzt ein kr\u00e4ftiger Sankt Laurent mit \u00fcppiger Frucht wie Heidelbeere und Wildkirsche, gefolgt von einem pfeffrig-w\u00fcrzigem K\u00f6rper und weichen Tanninen. Dieser Wein vereint den Geschmack von Waldbeeren, mit dunklem Holunder und Ans\u00e4tzen von rauchigen Tabaknoten. Die pr\u00e4sente S\u00e4ure ist ein gutes Zeichen f\u00fcr die [&hellip;]<\/p>\n","protected":false},"featured_media":289,"comment_status":"open","ping_status":"open","template":"","meta":[],"store":[21],"product_cat":[22],"product_tag":[23],"_links":{"self":[{"href":"https:\/\/unruffled-shirley.89-22-103-217.plesk.page\/index.php\/wp-json\/wp\/v2\/product\/172"}],"collection":[{"href":"https:\/\/unruffled-shirley.89-22-103-217.plesk.page\/index.php\/wp-json\/wp\/v2\/product"}],"about":[{"href":"https:\/\/unruffled-shirley.89-22-103-217.plesk.page\/index.php\/wp-json\/wp\/v2\/types\/product"}],"replies":[{"embeddable":true,"href":"https:\/\/unruffled-shirley.89-22-103-217.plesk.page\/index.php\/wp-json\/wp\/v2\/comments?post=172"}],"wp:featuredmedia":[{"embeddable":true,"href":"https:\/\/unruffled-shirley.89-22-103-217.plesk.page\/index.php\/wp-json\/wp\/v2\/media\/289"}],"wp:attachment":[{"href":"https:\/\/unruffled-shirley.89-22-103-217.plesk.page\/index.php\/wp-json\/wp\/v2\/media?parent=172"}],"wp:term":[{"taxonomy":"store","embeddable":true,"href":"https:\/\/unruffled-shirley.89-22-103-217.plesk.page\/index.php\/wp-json\/wp\/v2\/store?post=172"},{"taxonomy":"product_cat","embeddable":true,"href":"https:\/\/unruffled-shirley.89-22-103-217.plesk.page\/index.php\/wp-json\/wp\/v2\/product_cat?post=172"},{"taxonomy":"product_tag","embeddable":true,"href":"https:\/\/unruffled-shirley.89-22-103-217.plesk.page\/index.php\/wp-json\/wp\/v2\/product_tag?post=172"}],"curies":[{"name":"wp","href":"https:\/\/api.w.org\/{rel}","templated":true}]}}