{"id":170,"date":"2024-01-06T11:51:18","date_gmt":"2024-01-06T11:51:18","guid":{"rendered":"https:\/\/unruffled-shirley.89-22-103-217.plesk.page\/index.php\/produkt\/2021-urgewalt-dornfelder-trocken\/"},"modified":"2024-01-06T11:53:04","modified_gmt":"2024-01-06T11:53:04","slug":"2021-urgewalt-dornfelder-trocken","status":"publish","type":"product","link":"https:\/\/unruffled-shirley.89-22-103-217.plesk.page\/index.php\/produkt\/2021-urgewalt-dornfelder-trocken\/","title":{"rendered":"2021 Urgewalt Dornfelder trocken"},"content":{"rendered":"<p>Reif, vielschichtig und elegant, das sind die Charaktermerkmale des Dornfelders ?Urgewalt?. Er wird auf der Maische vergoren und darf anschlie\u00dfend in franz\u00f6sischen und deutschen Holzf\u00e4ssern in Ruhe reifen. Wie der Name schon verspricht, findet man ganz urspr\u00fcngliche, fruchtintensive Beerennoten wieder. Dieser Wein \u00fcberzeugt mit einer moderat eingebundenen S\u00e4ure und dem Einfluss des vorherrschend pr\u00e4genden Terroirs. Ein unglaublich eleganter und \u00fcberzeugender Begleiter ; mit \u00fcberraschendem Entwicklungspotential. [eng] Mature, multi-layered and elegant, these are the characteristics of the Dornfelder ?Urgewalt?. It is fermented on the mash and is then allowed to mature in French and German wooden barrels. As the name suggests, you will find original, fruit-intensive berry notes. This wine convinces with a moderately integrated acidity and the influence of the predominant terroir. An inc&#8230;<\/p>\n","protected":false},"excerpt":{"rendered":"<p>Reif, vielschichtig und elegant, das sind die Charaktermerkmale des Dornfelders ?Urgewalt?. Er wird auf der Maische vergoren und darf anschlie\u00dfend in franz\u00f6sischen und deutschen Holzf\u00e4ssern in Ruhe reifen. Wie der Name schon verspricht, findet man ganz urspr\u00fcngliche, fruchtintensive Beerennoten wieder. Dieser Wein \u00fcberzeugt mit einer moderat eingebundenen S\u00e4ure und dem Einfluss des vorherrschend pr\u00e4genden Terroirs. [&hellip;]<\/p>\n","protected":false},"featured_media":288,"comment_status":"open","ping_status":"open","template":"","meta":[],"store":[21],"product_cat":[22],"product_tag":[23],"_links":{"self":[{"href":"https:\/\/unruffled-shirley.89-22-103-217.plesk.page\/index.php\/wp-json\/wp\/v2\/product\/170"}],"collection":[{"href":"https:\/\/unruffled-shirley.89-22-103-217.plesk.page\/index.php\/wp-json\/wp\/v2\/product"}],"about":[{"href":"https:\/\/unruffled-shirley.89-22-103-217.plesk.page\/index.php\/wp-json\/wp\/v2\/types\/product"}],"replies":[{"embeddable":true,"href":"https:\/\/unruffled-shirley.89-22-103-217.plesk.page\/index.php\/wp-json\/wp\/v2\/comments?post=170"}],"wp:featuredmedia":[{"embeddable":true,"href":"https:\/\/unruffled-shirley.89-22-103-217.plesk.page\/index.php\/wp-json\/wp\/v2\/media\/288"}],"wp:attachment":[{"href":"https:\/\/unruffled-shirley.89-22-103-217.plesk.page\/index.php\/wp-json\/wp\/v2\/media?parent=170"}],"wp:term":[{"taxonomy":"store","embeddable":true,"href":"https:\/\/unruffled-shirley.89-22-103-217.plesk.page\/index.php\/wp-json\/wp\/v2\/store?post=170"},{"taxonomy":"product_cat","embeddable":true,"href":"https:\/\/unruffled-shirley.89-22-103-217.plesk.page\/index.php\/wp-json\/wp\/v2\/product_cat?post=170"},{"taxonomy":"product_tag","embeddable":true,"href":"https:\/\/unruffled-shirley.89-22-103-217.plesk.page\/index.php\/wp-json\/wp\/v2\/product_tag?post=170"}],"curies":[{"name":"wp","href":"https:\/\/api.w.org\/{rel}","templated":true}]}}