{"id":168,"date":"2024-01-06T11:51:18","date_gmt":"2024-01-06T11:51:18","guid":{"rendered":"https:\/\/unruffled-shirley.89-22-103-217.plesk.page\/index.php\/produkt\/2022-pur-mineral-chardonnay-trocken\/"},"modified":"2024-01-06T11:53:00","modified_gmt":"2024-01-06T11:53:00","slug":"2022-pur-mineral-chardonnay-trocken","status":"publish","type":"product","link":"https:\/\/unruffled-shirley.89-22-103-217.plesk.page\/index.php\/produkt\/2022-pur-mineral-chardonnay-trocken\/","title":{"rendered":"2022 Pur Mineral Chardonnay trocken"},"content":{"rendered":"<p>Dieser Chardonnay \u00fcberzeugt mit Noten von gelben, reifen Fr\u00fcchten, etwas Grapefruit und leichten Kr\u00e4utert\u00f6nen. Eine hervorragende Balance zwischen Rests\u00fc\u00dfe und S\u00e4ure sowie eine vollmundige Cremigkeit charakterisieren diesen Wein. Unser Pur Mineral verf\u00fcgt \u00fcber einen kr\u00e4ftigen, mineralischen K\u00f6rper mit Herkunftsprofil. Der Kalksteinboden, auf dem er w\u00e4chst, ist der charaktervollste Boden f\u00fcr diese Rebsorte und verleiht diesem Wein eine gro\u00dfe Langlebigkeit. &#8222;Symbol-Foto&#8220;\u00a0 [eng] This Chardonnay convinces with notes of yellow, ripe fruits, some grapefruit and light herbal tones. An excellent balance between residual sweetness and acidity as well as a full-bodied creaminess characterize this wine. Our Pur Mineral has a strong, mineral body with a provenance profile. The limestone soil on which it grows is the most characteristic soil for this grape variety and gives this wine a great &#8230;<\/p>\n","protected":false},"excerpt":{"rendered":"<p>Dieser Chardonnay \u00fcberzeugt mit Noten von gelben, reifen Fr\u00fcchten, etwas Grapefruit und leichten Kr\u00e4utert\u00f6nen. Eine hervorragende Balance zwischen Rests\u00fc\u00dfe und S\u00e4ure sowie eine vollmundige Cremigkeit charakterisieren diesen Wein. Unser Pur Mineral verf\u00fcgt \u00fcber einen kr\u00e4ftigen, mineralischen K\u00f6rper mit Herkunftsprofil. Der Kalksteinboden, auf dem er w\u00e4chst, ist der charaktervollste Boden f\u00fcr diese Rebsorte und verleiht diesem [&hellip;]<\/p>\n","protected":false},"featured_media":287,"comment_status":"open","ping_status":"open","template":"","meta":[],"store":[21],"product_cat":[22],"product_tag":[23],"_links":{"self":[{"href":"https:\/\/unruffled-shirley.89-22-103-217.plesk.page\/index.php\/wp-json\/wp\/v2\/product\/168"}],"collection":[{"href":"https:\/\/unruffled-shirley.89-22-103-217.plesk.page\/index.php\/wp-json\/wp\/v2\/product"}],"about":[{"href":"https:\/\/unruffled-shirley.89-22-103-217.plesk.page\/index.php\/wp-json\/wp\/v2\/types\/product"}],"replies":[{"embeddable":true,"href":"https:\/\/unruffled-shirley.89-22-103-217.plesk.page\/index.php\/wp-json\/wp\/v2\/comments?post=168"}],"wp:featuredmedia":[{"embeddable":true,"href":"https:\/\/unruffled-shirley.89-22-103-217.plesk.page\/index.php\/wp-json\/wp\/v2\/media\/287"}],"wp:attachment":[{"href":"https:\/\/unruffled-shirley.89-22-103-217.plesk.page\/index.php\/wp-json\/wp\/v2\/media?parent=168"}],"wp:term":[{"taxonomy":"store","embeddable":true,"href":"https:\/\/unruffled-shirley.89-22-103-217.plesk.page\/index.php\/wp-json\/wp\/v2\/store?post=168"},{"taxonomy":"product_cat","embeddable":true,"href":"https:\/\/unruffled-shirley.89-22-103-217.plesk.page\/index.php\/wp-json\/wp\/v2\/product_cat?post=168"},{"taxonomy":"product_tag","embeddable":true,"href":"https:\/\/unruffled-shirley.89-22-103-217.plesk.page\/index.php\/wp-json\/wp\/v2\/product_tag?post=168"}],"curies":[{"name":"wp","href":"https:\/\/api.w.org\/{rel}","templated":true}]}}