{"id":166,"date":"2024-01-06T11:51:18","date_gmt":"2024-01-06T11:51:18","guid":{"rendered":"https:\/\/unruffled-shirley.89-22-103-217.plesk.page\/index.php\/produkt\/2022-buntsandstein-grauer-burgunder-trocken\/"},"modified":"2024-01-06T11:52:58","modified_gmt":"2024-01-06T11:52:58","slug":"2022-buntsandstein-grauer-burgunder-trocken","status":"publish","type":"product","link":"https:\/\/unruffled-shirley.89-22-103-217.plesk.page\/index.php\/produkt\/2022-buntsandstein-grauer-burgunder-trocken\/","title":{"rendered":"2022 Buntsandstein Grauer Burgunder trocken"},"content":{"rendered":"<p>Der Graue Burgunder ist ein Verwandlungsk\u00fcnstler! Er zeigt sich zum einen von seiner vielf\u00e4ltigten Seite mit Noten von reifen Birnen, Zitrus sowie Nuancen von Trockenobst. Aber auch T\u00f6ne von Mandeln, N\u00fcssen und frischer Butter sind nicht au\u00dfergew\u00f6hnlich. Ausgestattet mit einer hocheleganten S\u00e4ure, entfaltet dieser Botschafter des Buntsandstein-Terroirs ein elegantes Spiel, das durch seine nachhaltige Mineralit\u00e4t viel Frucht und Spannung mit sich bringt. Die Besonderheit bei unserem Grauburgunder liegt an der Spontang\u00e4rung bei 17 \u00b0C\u00a0 und einer B\u00e2tonnage von einer Woche. &#8222;Symbol-Foto&#8220;\u00a0 [eng] The gray burgundy is a quick-change artist! On the one hand, it shows its diverse side with ripe pear aromas, citrus notes and nuances of dried fruit, but also tones of almonds, nuts and fresh butter are not exceptional. Equipped with a highly elegant acidity, this ambassador of the red sa&#8230;<\/p>\n","protected":false},"excerpt":{"rendered":"<p>Der Graue Burgunder ist ein Verwandlungsk\u00fcnstler! Er zeigt sich zum einen von seiner vielf\u00e4ltigten Seite mit Noten von reifen Birnen, Zitrus sowie Nuancen von Trockenobst. Aber auch T\u00f6ne von Mandeln, N\u00fcssen und frischer Butter sind nicht au\u00dfergew\u00f6hnlich. Ausgestattet mit einer hocheleganten S\u00e4ure, entfaltet dieser Botschafter des Buntsandstein-Terroirs ein elegantes Spiel, das durch seine nachhaltige Mineralit\u00e4t [&hellip;]<\/p>\n","protected":false},"featured_media":286,"comment_status":"open","ping_status":"open","template":"","meta":[],"store":[21],"product_cat":[22],"product_tag":[23],"_links":{"self":[{"href":"https:\/\/unruffled-shirley.89-22-103-217.plesk.page\/index.php\/wp-json\/wp\/v2\/product\/166"}],"collection":[{"href":"https:\/\/unruffled-shirley.89-22-103-217.plesk.page\/index.php\/wp-json\/wp\/v2\/product"}],"about":[{"href":"https:\/\/unruffled-shirley.89-22-103-217.plesk.page\/index.php\/wp-json\/wp\/v2\/types\/product"}],"replies":[{"embeddable":true,"href":"https:\/\/unruffled-shirley.89-22-103-217.plesk.page\/index.php\/wp-json\/wp\/v2\/comments?post=166"}],"wp:featuredmedia":[{"embeddable":true,"href":"https:\/\/unruffled-shirley.89-22-103-217.plesk.page\/index.php\/wp-json\/wp\/v2\/media\/286"}],"wp:attachment":[{"href":"https:\/\/unruffled-shirley.89-22-103-217.plesk.page\/index.php\/wp-json\/wp\/v2\/media?parent=166"}],"wp:term":[{"taxonomy":"store","embeddable":true,"href":"https:\/\/unruffled-shirley.89-22-103-217.plesk.page\/index.php\/wp-json\/wp\/v2\/store?post=166"},{"taxonomy":"product_cat","embeddable":true,"href":"https:\/\/unruffled-shirley.89-22-103-217.plesk.page\/index.php\/wp-json\/wp\/v2\/product_cat?post=166"},{"taxonomy":"product_tag","embeddable":true,"href":"https:\/\/unruffled-shirley.89-22-103-217.plesk.page\/index.php\/wp-json\/wp\/v2\/product_tag?post=166"}],"curies":[{"name":"wp","href":"https:\/\/api.w.org\/{rel}","templated":true}]}}