{"id":164,"date":"2024-01-06T11:51:18","date_gmt":"2024-01-06T11:51:18","guid":{"rendered":"https:\/\/unruffled-shirley.89-22-103-217.plesk.page\/index.php\/produkt\/2022-feuerstein-sauvignon-blanc-trocken\/"},"modified":"2024-01-06T11:52:55","modified_gmt":"2024-01-06T11:52:55","slug":"2022-feuerstein-sauvignon-blanc-trocken","status":"publish","type":"product","link":"https:\/\/unruffled-shirley.89-22-103-217.plesk.page\/index.php\/produkt\/2022-feuerstein-sauvignon-blanc-trocken\/","title":{"rendered":"2022 Feuerstein Sauvignon Blanc trocken"},"content":{"rendered":"<p>Bei diesem Sauvignon Blanc wurden nur vorselektierte und von Hand gelesene Trauben verwendet. Die darauffolgende Maischestandzeit betrug 24 Stunden, die B\u00e2tonnage (Aufr\u00fchren der Hefe) eine Woche. Klassische Sauvignon Blanc Noten wie Stachelbeere, gr\u00fcne Paprika und etwas schwarzer Pfeffer begleiten diesen komplexen Wein. Ein dichter K\u00f6rper gepaart mit einer perfekten Balance aus Rests\u00fc\u00dfe, S\u00e4ure und Mineralit\u00e4t. Ein sch\u00f6nes Spiel zwischen vegetativen und fruchtigen Aromen. [eng] Only pre-selected and hand-picked grapes were used for this Sauvignon Blanc. The following maceration time was 24 hours, the b\u00e2tonnage (stirring up the yeast) one week. Classic Sauvignon Blanc notes such as gooseberry, green paprika and some black pepper accompany this complex wine. A dense body paired with a perfect balance of residual sweetness, acidity and minerality. A nice interplay between vegetative and f&#8230;<\/p>\n","protected":false},"excerpt":{"rendered":"<p>Bei diesem Sauvignon Blanc wurden nur vorselektierte und von Hand gelesene Trauben verwendet. Die darauffolgende Maischestandzeit betrug 24 Stunden, die B\u00e2tonnage (Aufr\u00fchren der Hefe) eine Woche. Klassische Sauvignon Blanc Noten wie Stachelbeere, gr\u00fcne Paprika und etwas schwarzer Pfeffer begleiten diesen komplexen Wein. Ein dichter K\u00f6rper gepaart mit einer perfekten Balance aus Rests\u00fc\u00dfe, S\u00e4ure und Mineralit\u00e4t. [&hellip;]<\/p>\n","protected":false},"featured_media":285,"comment_status":"open","ping_status":"open","template":"","meta":[],"store":[21],"product_cat":[22],"product_tag":[23],"_links":{"self":[{"href":"https:\/\/unruffled-shirley.89-22-103-217.plesk.page\/index.php\/wp-json\/wp\/v2\/product\/164"}],"collection":[{"href":"https:\/\/unruffled-shirley.89-22-103-217.plesk.page\/index.php\/wp-json\/wp\/v2\/product"}],"about":[{"href":"https:\/\/unruffled-shirley.89-22-103-217.plesk.page\/index.php\/wp-json\/wp\/v2\/types\/product"}],"replies":[{"embeddable":true,"href":"https:\/\/unruffled-shirley.89-22-103-217.plesk.page\/index.php\/wp-json\/wp\/v2\/comments?post=164"}],"wp:featuredmedia":[{"embeddable":true,"href":"https:\/\/unruffled-shirley.89-22-103-217.plesk.page\/index.php\/wp-json\/wp\/v2\/media\/285"}],"wp:attachment":[{"href":"https:\/\/unruffled-shirley.89-22-103-217.plesk.page\/index.php\/wp-json\/wp\/v2\/media?parent=164"}],"wp:term":[{"taxonomy":"store","embeddable":true,"href":"https:\/\/unruffled-shirley.89-22-103-217.plesk.page\/index.php\/wp-json\/wp\/v2\/store?post=164"},{"taxonomy":"product_cat","embeddable":true,"href":"https:\/\/unruffled-shirley.89-22-103-217.plesk.page\/index.php\/wp-json\/wp\/v2\/product_cat?post=164"},{"taxonomy":"product_tag","embeddable":true,"href":"https:\/\/unruffled-shirley.89-22-103-217.plesk.page\/index.php\/wp-json\/wp\/v2\/product_tag?post=164"}],"curies":[{"name":"wp","href":"https:\/\/api.w.org\/{rel}","templated":true}]}}