{"id":162,"date":"2024-01-06T11:51:18","date_gmt":"2024-01-06T11:51:18","guid":{"rendered":"https:\/\/unruffled-shirley.89-22-103-217.plesk.page\/index.php\/produkt\/2022-muschelkalk-weissburgunder-trocken\/"},"modified":"2024-01-06T11:52:53","modified_gmt":"2024-01-06T11:52:53","slug":"2022-muschelkalk-weissburgunder-trocken","status":"publish","type":"product","link":"https:\/\/unruffled-shirley.89-22-103-217.plesk.page\/index.php\/produkt\/2022-muschelkalk-weissburgunder-trocken\/","title":{"rendered":"2022 Muschelkalk Wei\u00dfburgunder trocken"},"content":{"rendered":"<p>Aus den besten Parzellen des Godramsteiner M\u00fcnzberges. Der Muschelkalk ist die mittlere der drei lithostratigraphischen Gruppen der Germanischen Trias. Unser Weisser Burgunder aus dem edlen Terroir wurde sorgf\u00e4ltig und selektiv handgelesen. Es erfolgte eine sanfte Pressung sowie eine Spontang\u00e4rung. Der Wein liegt bis zum Fr\u00fchjahr des kommenden Jahres nach der Weinlese auf der Feinhefe. Die verspielten Fruchtaromen von gr\u00fcnen N\u00fcssen, \u00fcber Birne und Apfel, bis hin zu leicht blumigen Nuancen, f\u00fchren zu einem durchaus komplexen K\u00f6rper. Der Wein verf\u00fcgt \u00fcber einen angenehmen Schmelz am Gaumen mit einer gut eingebundenen S\u00e4ure. [eng] From the best parcels of the Godramsteiner M\u00fcnzberg. The Muschelkalk is the middle of the three lithostratigraphic groups of the Germanic Triassic. Our white Burgundy from the noble terroir has been carefully and selectively handpicked. A gentle pressing and sp&#8230;<\/p>\n","protected":false},"excerpt":{"rendered":"<p>Aus den besten Parzellen des Godramsteiner M\u00fcnzberges. Der Muschelkalk ist die mittlere der drei lithostratigraphischen Gruppen der Germanischen Trias. Unser Weisser Burgunder aus dem edlen Terroir wurde sorgf\u00e4ltig und selektiv handgelesen. Es erfolgte eine sanfte Pressung sowie eine Spontang\u00e4rung. Der Wein liegt bis zum Fr\u00fchjahr des kommenden Jahres nach der Weinlese auf der Feinhefe. Die [&hellip;]<\/p>\n","protected":false},"featured_media":284,"comment_status":"open","ping_status":"open","template":"","meta":[],"store":[21],"product_cat":[22],"product_tag":[23],"_links":{"self":[{"href":"https:\/\/unruffled-shirley.89-22-103-217.plesk.page\/index.php\/wp-json\/wp\/v2\/product\/162"}],"collection":[{"href":"https:\/\/unruffled-shirley.89-22-103-217.plesk.page\/index.php\/wp-json\/wp\/v2\/product"}],"about":[{"href":"https:\/\/unruffled-shirley.89-22-103-217.plesk.page\/index.php\/wp-json\/wp\/v2\/types\/product"}],"replies":[{"embeddable":true,"href":"https:\/\/unruffled-shirley.89-22-103-217.plesk.page\/index.php\/wp-json\/wp\/v2\/comments?post=162"}],"wp:featuredmedia":[{"embeddable":true,"href":"https:\/\/unruffled-shirley.89-22-103-217.plesk.page\/index.php\/wp-json\/wp\/v2\/media\/284"}],"wp:attachment":[{"href":"https:\/\/unruffled-shirley.89-22-103-217.plesk.page\/index.php\/wp-json\/wp\/v2\/media?parent=162"}],"wp:term":[{"taxonomy":"store","embeddable":true,"href":"https:\/\/unruffled-shirley.89-22-103-217.plesk.page\/index.php\/wp-json\/wp\/v2\/store?post=162"},{"taxonomy":"product_cat","embeddable":true,"href":"https:\/\/unruffled-shirley.89-22-103-217.plesk.page\/index.php\/wp-json\/wp\/v2\/product_cat?post=162"},{"taxonomy":"product_tag","embeddable":true,"href":"https:\/\/unruffled-shirley.89-22-103-217.plesk.page\/index.php\/wp-json\/wp\/v2\/product_tag?post=162"}],"curies":[{"name":"wp","href":"https:\/\/api.w.org\/{rel}","templated":true}]}}