{"id":160,"date":"2024-01-06T11:51:18","date_gmt":"2024-01-06T11:51:18","guid":{"rendered":"https:\/\/unruffled-shirley.89-22-103-217.plesk.page\/index.php\/produkt\/2022-spaetburgunder-feinherb\/"},"modified":"2024-01-06T11:52:50","modified_gmt":"2024-01-06T11:52:50","slug":"2022-spaetburgunder-feinherb","status":"publish","type":"product","link":"https:\/\/unruffled-shirley.89-22-103-217.plesk.page\/index.php\/produkt\/2022-spaetburgunder-feinherb\/","title":{"rendered":"2022 Sp\u00e4tburgunder feinherb"},"content":{"rendered":"<p>Der Sp\u00e4tburgunder feinherb Gutswein ist ein Rotwein im Edelstahlfass ausgebaut. Der K\u00f6nig unter den Rotweinen, der auch &#8222;Pinot Noir&#8220; genannt wird, pr\u00e4sentiert sich stets vollmundig, etwas pfeffrig und zugleich fruchtig im Geschmack. Der Duft von Kirsche, Brombeere und schwarzer Johannisbeere machen Lust auf mehr. Die Gerbstoffe sind moderat und ergeben im Zusammenspiel mit der etwas dominanteren Rests\u00fc\u00dfe die perfekte Wahl f\u00fcr &#8222;s\u00e4urearme&#8220; Rotweintrinker und Genussmenschen. F\u00fcr den gesellige Abend darf auch gerne eine Vesperplatte gereicht werden, mit gereiftem w\u00fcrzigem Schinken und diversem Weichk\u00e4se. Aber auch zu scharf &#8211; gebratenen Gerichten passt dieser Rotwein hervorragend. Die Rests\u00fc\u00dfe im Wein puffert perfekt die Sch\u00e4rfe im Essen. [eng] The Pinot Noir off-dry Gutswein is a red wine made from the Pinot Noir grape in stainless steel barrels. The king of the red wines, also known as &#8230;<\/p>\n","protected":false},"excerpt":{"rendered":"<p>Der Sp\u00e4tburgunder feinherb Gutswein ist ein Rotwein im Edelstahlfass ausgebaut. Der K\u00f6nig unter den Rotweinen, der auch &#8222;Pinot Noir&#8220; genannt wird, pr\u00e4sentiert sich stets vollmundig, etwas pfeffrig und zugleich fruchtig im Geschmack. Der Duft von Kirsche, Brombeere und schwarzer Johannisbeere machen Lust auf mehr. Die Gerbstoffe sind moderat und ergeben im Zusammenspiel mit der etwas [&hellip;]<\/p>\n","protected":false},"featured_media":283,"comment_status":"open","ping_status":"open","template":"","meta":[],"store":[21],"product_cat":[22],"product_tag":[23],"_links":{"self":[{"href":"https:\/\/unruffled-shirley.89-22-103-217.plesk.page\/index.php\/wp-json\/wp\/v2\/product\/160"}],"collection":[{"href":"https:\/\/unruffled-shirley.89-22-103-217.plesk.page\/index.php\/wp-json\/wp\/v2\/product"}],"about":[{"href":"https:\/\/unruffled-shirley.89-22-103-217.plesk.page\/index.php\/wp-json\/wp\/v2\/types\/product"}],"replies":[{"embeddable":true,"href":"https:\/\/unruffled-shirley.89-22-103-217.plesk.page\/index.php\/wp-json\/wp\/v2\/comments?post=160"}],"wp:featuredmedia":[{"embeddable":true,"href":"https:\/\/unruffled-shirley.89-22-103-217.plesk.page\/index.php\/wp-json\/wp\/v2\/media\/283"}],"wp:attachment":[{"href":"https:\/\/unruffled-shirley.89-22-103-217.plesk.page\/index.php\/wp-json\/wp\/v2\/media?parent=160"}],"wp:term":[{"taxonomy":"store","embeddable":true,"href":"https:\/\/unruffled-shirley.89-22-103-217.plesk.page\/index.php\/wp-json\/wp\/v2\/store?post=160"},{"taxonomy":"product_cat","embeddable":true,"href":"https:\/\/unruffled-shirley.89-22-103-217.plesk.page\/index.php\/wp-json\/wp\/v2\/product_cat?post=160"},{"taxonomy":"product_tag","embeddable":true,"href":"https:\/\/unruffled-shirley.89-22-103-217.plesk.page\/index.php\/wp-json\/wp\/v2\/product_tag?post=160"}],"curies":[{"name":"wp","href":"https:\/\/api.w.org\/{rel}","templated":true}]}}