{"id":158,"date":"2024-01-06T11:51:18","date_gmt":"2024-01-06T11:51:18","guid":{"rendered":"https:\/\/unruffled-shirley.89-22-103-217.plesk.page\/index.php\/produkt\/2021-merlot-trocken\/"},"modified":"2024-01-06T11:52:48","modified_gmt":"2024-01-06T11:52:48","slug":"2021-merlot-trocken","status":"publish","type":"product","link":"https:\/\/unruffled-shirley.89-22-103-217.plesk.page\/index.php\/produkt\/2021-merlot-trocken\/","title":{"rendered":"2021 Merlot trocken"},"content":{"rendered":"<p>Merlot Gutswein trocken \u00fcberzeugt schon im Glas mit seinem dunkelroten Rubinton. Merlot erinnert in der Nase an rote kr\u00e4ftige Fr\u00fcchte, wie Pflaume, Brombeere und schwarze Johannisbeere. Die Merlot Traube zeigt einen tollen Nachhall, dieser hinterl\u00e4sst einen Eindruck von dunkler Schokolade. Rests\u00fc\u00dfe, S\u00e4ure und Gerbstoffe sind aufeinander abgestimmt. Hervorragender kulinarischer Begleiter zu Pizza &#038; Pasta oder zur mediterranen Vesperplatte. Auch zur herben Schokolade am Feierabend oder als Begleiter zu Bergk\u00e4se passt dieser Merlot trocken aus der Pfalz hervorragend. &#8222;Symbol-Foto&#8220; [eng] Merlot Gutswein dry is a red wine variety that is presented in a dark red ruby tone in the wine glass. The nose of Merlot is reminiscent of strong red fruits such as plums, blackberries and black currants. The Merlot grape shows a great finish, which leaves an impression of dark chocolate. Residual sw&#8230;<\/p>\n","protected":false},"excerpt":{"rendered":"<p>Merlot Gutswein trocken \u00fcberzeugt schon im Glas mit seinem dunkelroten Rubinton. Merlot erinnert in der Nase an rote kr\u00e4ftige Fr\u00fcchte, wie Pflaume, Brombeere und schwarze Johannisbeere. Die Merlot Traube zeigt einen tollen Nachhall, dieser hinterl\u00e4sst einen Eindruck von dunkler Schokolade. Rests\u00fc\u00dfe, S\u00e4ure und Gerbstoffe sind aufeinander abgestimmt. Hervorragender kulinarischer Begleiter zu Pizza &#038; Pasta oder [&hellip;]<\/p>\n","protected":false},"featured_media":282,"comment_status":"open","ping_status":"open","template":"","meta":[],"store":[21],"product_cat":[22],"product_tag":[23],"_links":{"self":[{"href":"https:\/\/unruffled-shirley.89-22-103-217.plesk.page\/index.php\/wp-json\/wp\/v2\/product\/158"}],"collection":[{"href":"https:\/\/unruffled-shirley.89-22-103-217.plesk.page\/index.php\/wp-json\/wp\/v2\/product"}],"about":[{"href":"https:\/\/unruffled-shirley.89-22-103-217.plesk.page\/index.php\/wp-json\/wp\/v2\/types\/product"}],"replies":[{"embeddable":true,"href":"https:\/\/unruffled-shirley.89-22-103-217.plesk.page\/index.php\/wp-json\/wp\/v2\/comments?post=158"}],"wp:featuredmedia":[{"embeddable":true,"href":"https:\/\/unruffled-shirley.89-22-103-217.plesk.page\/index.php\/wp-json\/wp\/v2\/media\/282"}],"wp:attachment":[{"href":"https:\/\/unruffled-shirley.89-22-103-217.plesk.page\/index.php\/wp-json\/wp\/v2\/media?parent=158"}],"wp:term":[{"taxonomy":"store","embeddable":true,"href":"https:\/\/unruffled-shirley.89-22-103-217.plesk.page\/index.php\/wp-json\/wp\/v2\/store?post=158"},{"taxonomy":"product_cat","embeddable":true,"href":"https:\/\/unruffled-shirley.89-22-103-217.plesk.page\/index.php\/wp-json\/wp\/v2\/product_cat?post=158"},{"taxonomy":"product_tag","embeddable":true,"href":"https:\/\/unruffled-shirley.89-22-103-217.plesk.page\/index.php\/wp-json\/wp\/v2\/product_tag?post=158"}],"curies":[{"name":"wp","href":"https:\/\/api.w.org\/{rel}","templated":true}]}}