{"id":154,"date":"2024-01-06T11:51:18","date_gmt":"2024-01-06T11:51:18","guid":{"rendered":"https:\/\/unruffled-shirley.89-22-103-217.plesk.page\/index.php\/produkt\/2022-dornfelder-lieblich\/"},"modified":"2024-01-06T11:52:41","modified_gmt":"2024-01-06T11:52:41","slug":"2022-dornfelder-lieblich","status":"publish","type":"product","link":"https:\/\/unruffled-shirley.89-22-103-217.plesk.page\/index.php\/produkt\/2022-dornfelder-lieblich\/","title":{"rendered":"2022 Dornfelder lieblich"},"content":{"rendered":"<p>Der Dornfelder lieblich besticht durch seine dichte, dunkle rubinrote Farbe. Sein vielschichtiges Duftspektrum bringt zahlreiche Beerenfr\u00fcchte (Brombeere, Johannisbeere und Himbeere) hervor. Der Dornfelder ist eine Kreuzung aus Helfensteiner x Heroldsrebe. Somit sind alle wichtigen roten Rebsorten, wie Fr\u00fchburgunder, Trollinger, Lemberger und Portugieser, m\u00fctterliche bzw. v\u00e4terliche Bestandsteile dieser Kreuzungsreben. Der Dornfelder lieblich hat eine wundervolle Fruchts\u00fc\u00dfe und \u00fcberrascht mit einem sehr erfrischenden Charakter und gut eingebundener Tanninstruktur. [eng] The Dornfelder medium dry impresses with its dense, dark ruby ??red color. Its complex fragrance spectrum produces numerous berry fruits (blackberry, currant and raspberry). The Dornfelder is a cross between Helfensteiner x Heroldsrebe. Thus, all important red grape varieties, such as Fr\u00fchburgunder, Trollinger, Lemberg&#8230;<\/p>\n","protected":false},"excerpt":{"rendered":"<p>Der Dornfelder lieblich besticht durch seine dichte, dunkle rubinrote Farbe. Sein vielschichtiges Duftspektrum bringt zahlreiche Beerenfr\u00fcchte (Brombeere, Johannisbeere und Himbeere) hervor. Der Dornfelder ist eine Kreuzung aus Helfensteiner x Heroldsrebe. Somit sind alle wichtigen roten Rebsorten, wie Fr\u00fchburgunder, Trollinger, Lemberger und Portugieser, m\u00fctterliche bzw. v\u00e4terliche Bestandsteile dieser Kreuzungsreben. Der Dornfelder lieblich hat eine wundervolle Fruchts\u00fc\u00dfe [&hellip;]<\/p>\n","protected":false},"featured_media":280,"comment_status":"open","ping_status":"open","template":"","meta":[],"store":[21],"product_cat":[22],"product_tag":[23],"_links":{"self":[{"href":"https:\/\/unruffled-shirley.89-22-103-217.plesk.page\/index.php\/wp-json\/wp\/v2\/product\/154"}],"collection":[{"href":"https:\/\/unruffled-shirley.89-22-103-217.plesk.page\/index.php\/wp-json\/wp\/v2\/product"}],"about":[{"href":"https:\/\/unruffled-shirley.89-22-103-217.plesk.page\/index.php\/wp-json\/wp\/v2\/types\/product"}],"replies":[{"embeddable":true,"href":"https:\/\/unruffled-shirley.89-22-103-217.plesk.page\/index.php\/wp-json\/wp\/v2\/comments?post=154"}],"wp:featuredmedia":[{"embeddable":true,"href":"https:\/\/unruffled-shirley.89-22-103-217.plesk.page\/index.php\/wp-json\/wp\/v2\/media\/280"}],"wp:attachment":[{"href":"https:\/\/unruffled-shirley.89-22-103-217.plesk.page\/index.php\/wp-json\/wp\/v2\/media?parent=154"}],"wp:term":[{"taxonomy":"store","embeddable":true,"href":"https:\/\/unruffled-shirley.89-22-103-217.plesk.page\/index.php\/wp-json\/wp\/v2\/store?post=154"},{"taxonomy":"product_cat","embeddable":true,"href":"https:\/\/unruffled-shirley.89-22-103-217.plesk.page\/index.php\/wp-json\/wp\/v2\/product_cat?post=154"},{"taxonomy":"product_tag","embeddable":true,"href":"https:\/\/unruffled-shirley.89-22-103-217.plesk.page\/index.php\/wp-json\/wp\/v2\/product_tag?post=154"}],"curies":[{"name":"wp","href":"https:\/\/api.w.org\/{rel}","templated":true}]}}