{"id":152,"date":"2023-11-28T13:30:11","date_gmt":"2023-11-28T13:30:11","guid":{"rendered":"https:\/\/unruffled-shirley.89-22-103-217.plesk.page\/index.php\/produkt\/2021-pinot-noir-trocken\/"},"modified":"2023-11-28T13:31:30","modified_gmt":"2023-11-28T13:31:30","slug":"2021-pinot-noir-trocken","status":"publish","type":"product","link":"https:\/\/unruffled-shirley.89-22-103-217.plesk.page\/index.php\/produkt\/2021-pinot-noir-trocken\/","title":{"rendered":"2021 Pinot Noir trocken"},"content":{"rendered":"<p>Gewachsen auf verschiedenen Parzellen mit kalkhaltigem Lehm. Die Trauben wurden zu 100 % entrappt, das hei\u00dft die Trauben wurden vom Gest\u00e4nge befreit. Kaltmazeration f\u00fcr vier Tage. Durch eine Kalt\u00adma\u00adzera\u00adti\u00adon k\u00f6n\u00adnen Far\u00adbe, Aro\u00adma\u00adstof\u00adfe und Tannine fr\u00fch\u00adzei\u00adtig aus den Bee\u00adren\u00adscha\u00adlen gel\u00f6st werden.\u00a0 Feiner Burgunder mit vielschichtigem Bukett nach Waldbeere und Rosen. Vollmundiger K\u00f6rper, sanfte Tannine mit einem Hauch von Vanille und wilder W\u00fcrze. Dieser Pinot Noir, auch Sp\u00e4tburgunder genannt, passt hervorragend zu Bratengerichten, Weichk\u00e4se, Tr\u00fcffelpasta, oder gebratenem Gem\u00fcse.\u00a0 [eng] Grown on various plots of calcareous clay. 100% de-stemmed, cold maceration [Through a cold maceration, color, aromas and tannins can be released from the skin at an early stage. This process is used when higher quality is desired.] For four days, spontaneous fermentation on the mash f&#8230;<\/p>\n","protected":false},"excerpt":{"rendered":"<p>Gewachsen auf verschiedenen Parzellen mit kalkhaltigem Lehm. Die Trauben wurden zu 100 % entrappt, das hei\u00dft die Trauben wurden vom Gest\u00e4nge befreit. Kaltmazeration f\u00fcr vier Tage. Durch eine Kalt\u00adma\u00adzera\u00adti\u00adon k\u00f6n\u00adnen Far\u00adbe, Aro\u00adma\u00adstof\u00adfe und Tannine fr\u00fch\u00adzei\u00adtig aus den Bee\u00adren\u00adscha\u00adlen gel\u00f6st werden.\u00a0 Feiner Burgunder mit vielschichtigem Bukett nach Waldbeere und Rosen. Vollmundiger K\u00f6rper, sanfte Tannine mit einem [&hellip;]<\/p>\n","protected":false},"featured_media":153,"comment_status":"open","ping_status":"open","template":"","meta":[],"store":[21],"product_cat":[22],"product_tag":[23],"_links":{"self":[{"href":"https:\/\/unruffled-shirley.89-22-103-217.plesk.page\/index.php\/wp-json\/wp\/v2\/product\/152"}],"collection":[{"href":"https:\/\/unruffled-shirley.89-22-103-217.plesk.page\/index.php\/wp-json\/wp\/v2\/product"}],"about":[{"href":"https:\/\/unruffled-shirley.89-22-103-217.plesk.page\/index.php\/wp-json\/wp\/v2\/types\/product"}],"replies":[{"embeddable":true,"href":"https:\/\/unruffled-shirley.89-22-103-217.plesk.page\/index.php\/wp-json\/wp\/v2\/comments?post=152"}],"wp:featuredmedia":[{"embeddable":true,"href":"https:\/\/unruffled-shirley.89-22-103-217.plesk.page\/index.php\/wp-json\/wp\/v2\/media\/153"}],"wp:attachment":[{"href":"https:\/\/unruffled-shirley.89-22-103-217.plesk.page\/index.php\/wp-json\/wp\/v2\/media?parent=152"}],"wp:term":[{"taxonomy":"store","embeddable":true,"href":"https:\/\/unruffled-shirley.89-22-103-217.plesk.page\/index.php\/wp-json\/wp\/v2\/store?post=152"},{"taxonomy":"product_cat","embeddable":true,"href":"https:\/\/unruffled-shirley.89-22-103-217.plesk.page\/index.php\/wp-json\/wp\/v2\/product_cat?post=152"},{"taxonomy":"product_tag","embeddable":true,"href":"https:\/\/unruffled-shirley.89-22-103-217.plesk.page\/index.php\/wp-json\/wp\/v2\/product_tag?post=152"}],"curies":[{"name":"wp","href":"https:\/\/api.w.org\/{rel}","templated":true}]}}