{"id":146,"date":"2024-01-06T11:51:18","date_gmt":"2024-01-06T11:51:18","guid":{"rendered":"https:\/\/unruffled-shirley.89-22-103-217.plesk.page\/index.php\/produkt\/2022-gelber-muskateller-feinherb\/"},"modified":"2024-01-06T11:52:31","modified_gmt":"2024-01-06T11:52:31","slug":"2022-gelber-muskateller-feinherb","status":"publish","type":"product","link":"https:\/\/unruffled-shirley.89-22-103-217.plesk.page\/index.php\/produkt\/2022-gelber-muskateller-feinherb\/","title":{"rendered":"2022 Gelber Muskateller feinherb"},"content":{"rendered":"<p>Die Renaissance einer sehr alten Rebsorte. Ein charaktertypisches Fruchtspiel von Holunder, Litschi und Muskat. Der Gelbe Muskateller ist durch seine fruchtigen Nuancen hervorragend geeignet zu Gerichten mit leichter Sch\u00e4rfe. Das exotische Geschmacksprofil unterst\u00fctzt somit auf eine einzigartige Art und Weise die fruchtigen Charakterz\u00fcge im Gericht und puffert die Sch\u00e4rfe.\u00a0 \u00a0 [eng] The renaissance of a very old grape variety develops a powerful, very characteristic fruit style (elderberry, lychee), presented by an strong body with good acidity and a beautiful enamel on the palate. The Yellow Muscatel is distinguished by its fruity nuances, with a slight sharpness. The exotic taste profile supports in a unique way, the exotic style in the dishes.\u00a0For inquiries from abroad please contact us\u00a0 shop@lergenmueller.de .There are separate shipping costs.<\/p>\n","protected":false},"excerpt":{"rendered":"<p>Die Renaissance einer sehr alten Rebsorte. Ein charaktertypisches Fruchtspiel von Holunder, Litschi und Muskat. Der Gelbe Muskateller ist durch seine fruchtigen Nuancen hervorragend geeignet zu Gerichten mit leichter Sch\u00e4rfe. Das exotische Geschmacksprofil unterst\u00fctzt somit auf eine einzigartige Art und Weise die fruchtigen Charakterz\u00fcge im Gericht und puffert die Sch\u00e4rfe.\u00a0 \u00a0 [eng] The renaissance of a [&hellip;]<\/p>\n","protected":false},"featured_media":276,"comment_status":"open","ping_status":"open","template":"","meta":[],"store":[21],"product_cat":[22],"product_tag":[23],"_links":{"self":[{"href":"https:\/\/unruffled-shirley.89-22-103-217.plesk.page\/index.php\/wp-json\/wp\/v2\/product\/146"}],"collection":[{"href":"https:\/\/unruffled-shirley.89-22-103-217.plesk.page\/index.php\/wp-json\/wp\/v2\/product"}],"about":[{"href":"https:\/\/unruffled-shirley.89-22-103-217.plesk.page\/index.php\/wp-json\/wp\/v2\/types\/product"}],"replies":[{"embeddable":true,"href":"https:\/\/unruffled-shirley.89-22-103-217.plesk.page\/index.php\/wp-json\/wp\/v2\/comments?post=146"}],"wp:featuredmedia":[{"embeddable":true,"href":"https:\/\/unruffled-shirley.89-22-103-217.plesk.page\/index.php\/wp-json\/wp\/v2\/media\/276"}],"wp:attachment":[{"href":"https:\/\/unruffled-shirley.89-22-103-217.plesk.page\/index.php\/wp-json\/wp\/v2\/media?parent=146"}],"wp:term":[{"taxonomy":"store","embeddable":true,"href":"https:\/\/unruffled-shirley.89-22-103-217.plesk.page\/index.php\/wp-json\/wp\/v2\/store?post=146"},{"taxonomy":"product_cat","embeddable":true,"href":"https:\/\/unruffled-shirley.89-22-103-217.plesk.page\/index.php\/wp-json\/wp\/v2\/product_cat?post=146"},{"taxonomy":"product_tag","embeddable":true,"href":"https:\/\/unruffled-shirley.89-22-103-217.plesk.page\/index.php\/wp-json\/wp\/v2\/product_tag?post=146"}],"curies":[{"name":"wp","href":"https:\/\/api.w.org\/{rel}","templated":true}]}}