{"id":144,"date":"2024-01-06T11:51:18","date_gmt":"2024-01-06T11:51:18","guid":{"rendered":"https:\/\/unruffled-shirley.89-22-103-217.plesk.page\/index.php\/produkt\/2022-grauer-burgunder-trocken\/"},"modified":"2024-01-06T11:52:29","modified_gmt":"2024-01-06T11:52:29","slug":"2022-grauer-burgunder-trocken","status":"publish","type":"product","link":"https:\/\/unruffled-shirley.89-22-103-217.plesk.page\/index.php\/produkt\/2022-grauer-burgunder-trocken\/","title":{"rendered":"2022 Grauer Burgunder trocken"},"content":{"rendered":"<p>Der Grauer Burgunder Gutswein verspricht eine angenehme, elegante S\u00e4ure. Eine abwechslungsreiche Fruchtaromatik geben dem im Edelstahl ausgebauten Wein seine Frische und volumin\u00f6se Pr\u00e4senz. Gr\u00fcner Apfel, leicht nussige T\u00f6ne, etwas Birne und frische Ananas &#8211; klingt lecker, ist es auch. Grauer Burgunder, auch Pinot Gris, Pinot Grigio oder Rul\u00e4nder genannt, passt hervorragend zu hellem Fleisch, Gem\u00fcse und zur Vesperplatte (gereifter Bergk\u00e4se, Schinken). Ein Trendwein nicht nur in der Pfalz, sondern deutschlandweit. [eng] The Grauer Burgundy Gutswein promises a pleasant, elegant acidity. A varied fruit aroma gives the wine matured in stainless steel its freshness and voluminous presence. Goes well with light meat, vegetables and Vesperplatte (ripened mountain cheese, ham).\u00a0For inquiries from abroad please contact us\u00a0 shop@lergenmueller.de .There are separate shipping costs.\u00a0<\/p>\n","protected":false},"excerpt":{"rendered":"<p>Der Grauer Burgunder Gutswein verspricht eine angenehme, elegante S\u00e4ure. Eine abwechslungsreiche Fruchtaromatik geben dem im Edelstahl ausgebauten Wein seine Frische und volumin\u00f6se Pr\u00e4senz. Gr\u00fcner Apfel, leicht nussige T\u00f6ne, etwas Birne und frische Ananas &#8211; klingt lecker, ist es auch. Grauer Burgunder, auch Pinot Gris, Pinot Grigio oder Rul\u00e4nder genannt, passt hervorragend zu hellem Fleisch, Gem\u00fcse [&hellip;]<\/p>\n","protected":false},"featured_media":275,"comment_status":"open","ping_status":"open","template":"","meta":[],"store":[21],"product_cat":[22],"product_tag":[23],"_links":{"self":[{"href":"https:\/\/unruffled-shirley.89-22-103-217.plesk.page\/index.php\/wp-json\/wp\/v2\/product\/144"}],"collection":[{"href":"https:\/\/unruffled-shirley.89-22-103-217.plesk.page\/index.php\/wp-json\/wp\/v2\/product"}],"about":[{"href":"https:\/\/unruffled-shirley.89-22-103-217.plesk.page\/index.php\/wp-json\/wp\/v2\/types\/product"}],"replies":[{"embeddable":true,"href":"https:\/\/unruffled-shirley.89-22-103-217.plesk.page\/index.php\/wp-json\/wp\/v2\/comments?post=144"}],"wp:featuredmedia":[{"embeddable":true,"href":"https:\/\/unruffled-shirley.89-22-103-217.plesk.page\/index.php\/wp-json\/wp\/v2\/media\/275"}],"wp:attachment":[{"href":"https:\/\/unruffled-shirley.89-22-103-217.plesk.page\/index.php\/wp-json\/wp\/v2\/media?parent=144"}],"wp:term":[{"taxonomy":"store","embeddable":true,"href":"https:\/\/unruffled-shirley.89-22-103-217.plesk.page\/index.php\/wp-json\/wp\/v2\/store?post=144"},{"taxonomy":"product_cat","embeddable":true,"href":"https:\/\/unruffled-shirley.89-22-103-217.plesk.page\/index.php\/wp-json\/wp\/v2\/product_cat?post=144"},{"taxonomy":"product_tag","embeddable":true,"href":"https:\/\/unruffled-shirley.89-22-103-217.plesk.page\/index.php\/wp-json\/wp\/v2\/product_tag?post=144"}],"curies":[{"name":"wp","href":"https:\/\/api.w.org\/{rel}","templated":true}]}}