{"id":140,"date":"2024-01-06T11:51:18","date_gmt":"2024-01-06T11:51:18","guid":{"rendered":"https:\/\/unruffled-shirley.89-22-103-217.plesk.page\/index.php\/produkt\/2022-weissburgunder-trocken\/"},"modified":"2024-01-06T11:52:24","modified_gmt":"2024-01-06T11:52:24","slug":"2022-weissburgunder-trocken","status":"publish","type":"product","link":"https:\/\/unruffled-shirley.89-22-103-217.plesk.page\/index.php\/produkt\/2022-weissburgunder-trocken\/","title":{"rendered":"2022 Wei\u00dfburgunder trocken"},"content":{"rendered":"<p>Der Wei\u00dfburgunder Gutswein zeigt eine verspielte Fruchtaromatik. Vornehme Zur\u00fcckhaltung, sowie perfekte S\u00e4ure- und K\u00f6rperstruktur pr\u00e4gen diesen klassischen Weissburgunder. Er verbindet die jugendliche Frische mit einem cremigen Finale. Der Wei\u00dfburgunder wurde im Stahl ausgebaut, zeigt eine zarte Bl\u00fctenaromatik, ebenso einen nussigen Charakter. Oftmals schmeckt dieser Wein Genie\u00dfer mit einer h\u00f6heren S\u00e4ureempfindlichkeit sehr gut. Florale Geschmacksnoten, Veilchen, Apfel und Birne identifizieren den Wei\u00dfburgunder ganz deutlich. [eng] The white Burgundy Gutswein shows a playful Fruchtaromatik with distinct variety identity. Subtle restraint, as well as perfect acidity and body structure characterize this classic Pinot Blanc. It combines the youthful freshness with a creamy finish. The Pinot Blanc was expanded in steel, showing a delicate floral aromas, as well as a nutty character. Often&#8230;<\/p>\n","protected":false},"excerpt":{"rendered":"<p>Der Wei\u00dfburgunder Gutswein zeigt eine verspielte Fruchtaromatik. Vornehme Zur\u00fcckhaltung, sowie perfekte S\u00e4ure- und K\u00f6rperstruktur pr\u00e4gen diesen klassischen Weissburgunder. Er verbindet die jugendliche Frische mit einem cremigen Finale. Der Wei\u00dfburgunder wurde im Stahl ausgebaut, zeigt eine zarte Bl\u00fctenaromatik, ebenso einen nussigen Charakter. Oftmals schmeckt dieser Wein Genie\u00dfer mit einer h\u00f6heren S\u00e4ureempfindlichkeit sehr gut. Florale Geschmacksnoten, Veilchen, [&hellip;]<\/p>\n","protected":false},"featured_media":273,"comment_status":"open","ping_status":"open","template":"","meta":[],"store":[21],"product_cat":[22],"product_tag":[23],"_links":{"self":[{"href":"https:\/\/unruffled-shirley.89-22-103-217.plesk.page\/index.php\/wp-json\/wp\/v2\/product\/140"}],"collection":[{"href":"https:\/\/unruffled-shirley.89-22-103-217.plesk.page\/index.php\/wp-json\/wp\/v2\/product"}],"about":[{"href":"https:\/\/unruffled-shirley.89-22-103-217.plesk.page\/index.php\/wp-json\/wp\/v2\/types\/product"}],"replies":[{"embeddable":true,"href":"https:\/\/unruffled-shirley.89-22-103-217.plesk.page\/index.php\/wp-json\/wp\/v2\/comments?post=140"}],"wp:featuredmedia":[{"embeddable":true,"href":"https:\/\/unruffled-shirley.89-22-103-217.plesk.page\/index.php\/wp-json\/wp\/v2\/media\/273"}],"wp:attachment":[{"href":"https:\/\/unruffled-shirley.89-22-103-217.plesk.page\/index.php\/wp-json\/wp\/v2\/media?parent=140"}],"wp:term":[{"taxonomy":"store","embeddable":true,"href":"https:\/\/unruffled-shirley.89-22-103-217.plesk.page\/index.php\/wp-json\/wp\/v2\/store?post=140"},{"taxonomy":"product_cat","embeddable":true,"href":"https:\/\/unruffled-shirley.89-22-103-217.plesk.page\/index.php\/wp-json\/wp\/v2\/product_cat?post=140"},{"taxonomy":"product_tag","embeddable":true,"href":"https:\/\/unruffled-shirley.89-22-103-217.plesk.page\/index.php\/wp-json\/wp\/v2\/product_tag?post=140"}],"curies":[{"name":"wp","href":"https:\/\/api.w.org\/{rel}","templated":true}]}}