{"id":138,"date":"2024-01-06T11:51:18","date_gmt":"2024-01-06T11:51:18","guid":{"rendered":"https:\/\/unruffled-shirley.89-22-103-217.plesk.page\/index.php\/produkt\/2022-johannes-l-riesling-trocken\/"},"modified":"2024-01-06T11:52:21","modified_gmt":"2024-01-06T11:52:21","slug":"2022-johannes-l-riesling-trocken","status":"publish","type":"product","link":"https:\/\/unruffled-shirley.89-22-103-217.plesk.page\/index.php\/produkt\/2022-johannes-l-riesling-trocken\/","title":{"rendered":"2022 &#8222;Johannes L.&#8220; Riesling trocken"},"content":{"rendered":"<p>Gewachsen auf drei unterschiedlichen Bodenarten: Kalkhaltiger Lehm, Buntsandstein und Kieselsand. Klar wie ein Bergkristall verk\u00f6rpert unser &#8222;Gutsriesling&#8220; mit seiner tiefgr\u00fcndigen Art und der harmonischen S\u00e4ure den Prototyp des saftigen, ausgereiften Rieslings. Er zeigt eindrucksvoll die Lagen &#8211; und Riesling &#8211; Kompetenz des Weinguts. Die klassische Ausbauform (Stahl) bringt eine nat\u00fcrliche Frische mit und zeigt Prim\u00e4raromen von Zitrus und gr\u00fcnem Apfel. Knackig, frisch kommt er daher und \u00fcberzeugt Riesling &#8211; Liebhaber beim ersten Schluck. [eng] Grown on three different natural kinds of stony soil our Johannes L proclaims as terroir ambassador the vast expressiveness of the king of white wines: Riesling! For inquiries from abroad please contact us\u00a0 shop@lergenmueller.de .There are separate shipping costs.<\/p>\n","protected":false},"excerpt":{"rendered":"<p>Gewachsen auf drei unterschiedlichen Bodenarten: Kalkhaltiger Lehm, Buntsandstein und Kieselsand. Klar wie ein Bergkristall verk\u00f6rpert unser &#8222;Gutsriesling&#8220; mit seiner tiefgr\u00fcndigen Art und der harmonischen S\u00e4ure den Prototyp des saftigen, ausgereiften Rieslings. Er zeigt eindrucksvoll die Lagen &#8211; und Riesling &#8211; Kompetenz des Weinguts. Die klassische Ausbauform (Stahl) bringt eine nat\u00fcrliche Frische mit und zeigt Prim\u00e4raromen [&hellip;]<\/p>\n","protected":false},"featured_media":272,"comment_status":"open","ping_status":"open","template":"","meta":[],"store":[21],"product_cat":[22],"product_tag":[23],"_links":{"self":[{"href":"https:\/\/unruffled-shirley.89-22-103-217.plesk.page\/index.php\/wp-json\/wp\/v2\/product\/138"}],"collection":[{"href":"https:\/\/unruffled-shirley.89-22-103-217.plesk.page\/index.php\/wp-json\/wp\/v2\/product"}],"about":[{"href":"https:\/\/unruffled-shirley.89-22-103-217.plesk.page\/index.php\/wp-json\/wp\/v2\/types\/product"}],"replies":[{"embeddable":true,"href":"https:\/\/unruffled-shirley.89-22-103-217.plesk.page\/index.php\/wp-json\/wp\/v2\/comments?post=138"}],"wp:featuredmedia":[{"embeddable":true,"href":"https:\/\/unruffled-shirley.89-22-103-217.plesk.page\/index.php\/wp-json\/wp\/v2\/media\/272"}],"wp:attachment":[{"href":"https:\/\/unruffled-shirley.89-22-103-217.plesk.page\/index.php\/wp-json\/wp\/v2\/media?parent=138"}],"wp:term":[{"taxonomy":"store","embeddable":true,"href":"https:\/\/unruffled-shirley.89-22-103-217.plesk.page\/index.php\/wp-json\/wp\/v2\/store?post=138"},{"taxonomy":"product_cat","embeddable":true,"href":"https:\/\/unruffled-shirley.89-22-103-217.plesk.page\/index.php\/wp-json\/wp\/v2\/product_cat?post=138"},{"taxonomy":"product_tag","embeddable":true,"href":"https:\/\/unruffled-shirley.89-22-103-217.plesk.page\/index.php\/wp-json\/wp\/v2\/product_tag?post=138"}],"curies":[{"name":"wp","href":"https:\/\/api.w.org\/{rel}","templated":true}]}}