{"id":136,"date":"2024-01-06T11:51:18","date_gmt":"2024-01-06T11:51:18","guid":{"rendered":"https:\/\/unruffled-shirley.89-22-103-217.plesk.page\/index.php\/produkt\/2021-black-ox-trocken\/"},"modified":"2024-01-06T11:52:17","modified_gmt":"2024-01-06T11:52:17","slug":"2021-black-ox-trocken","status":"publish","type":"product","link":"https:\/\/unruffled-shirley.89-22-103-217.plesk.page\/index.php\/produkt\/2021-black-ox-trocken\/","title":{"rendered":"2021 Black OX trocken"},"content":{"rendered":"<p>Die Rotweincuv\u00e9e der Extraklasse &#8211; saftige Wildkirsche, ein Hauch Schokolade, gr\u00fcne Paprika kombiniert mit einer w\u00fcrzigen Charakteristik. Kraftvoll am Gaumen, pr\u00e4sente S\u00e4ure und ein anmutender Nachhall, sind das Ergebnis dieser komplexen und umwerfenden Symbiose. Bereits die kraftvolle Optik der Cuv\u00e9eflasche ist einzigartig. Die Cuv\u00e9e besteht aus\u00a0Cabernet Sauvignon, Dornfelder &#038; Tempranillo (aus eigenem Anbau).\u00a0 Speiseempfehlung : BBQ, gebratenes Fleisch, Ofengem\u00fcse, Pizza und\u00a0 Pasta, Pulled Pork, Finie Dining [eng] The red wine cuv\u00e9e of the extra class &#8211; juicy wild cherry, a touch of chocolate, green peppers combined with a spicy characteristic. Powerful on the palate, present acidity and a pleasant reverberation are the result of this complex and stunning symbiosis. Already the powerful appearance of the cuv\u00e9e bottle is unique. The net weight of the bottle is 1.2 &#8230;<\/p>\n","protected":false},"excerpt":{"rendered":"<p>Die Rotweincuv\u00e9e der Extraklasse &#8211; saftige Wildkirsche, ein Hauch Schokolade, gr\u00fcne Paprika kombiniert mit einer w\u00fcrzigen Charakteristik. Kraftvoll am Gaumen, pr\u00e4sente S\u00e4ure und ein anmutender Nachhall, sind das Ergebnis dieser komplexen und umwerfenden Symbiose. Bereits die kraftvolle Optik der Cuv\u00e9eflasche ist einzigartig. Die Cuv\u00e9e besteht aus\u00a0Cabernet Sauvignon, Dornfelder &#038; Tempranillo (aus eigenem Anbau).\u00a0 Speiseempfehlung : [&hellip;]<\/p>\n","protected":false},"featured_media":271,"comment_status":"open","ping_status":"open","template":"","meta":[],"store":[21],"product_cat":[22],"product_tag":[23],"_links":{"self":[{"href":"https:\/\/unruffled-shirley.89-22-103-217.plesk.page\/index.php\/wp-json\/wp\/v2\/product\/136"}],"collection":[{"href":"https:\/\/unruffled-shirley.89-22-103-217.plesk.page\/index.php\/wp-json\/wp\/v2\/product"}],"about":[{"href":"https:\/\/unruffled-shirley.89-22-103-217.plesk.page\/index.php\/wp-json\/wp\/v2\/types\/product"}],"replies":[{"embeddable":true,"href":"https:\/\/unruffled-shirley.89-22-103-217.plesk.page\/index.php\/wp-json\/wp\/v2\/comments?post=136"}],"wp:featuredmedia":[{"embeddable":true,"href":"https:\/\/unruffled-shirley.89-22-103-217.plesk.page\/index.php\/wp-json\/wp\/v2\/media\/271"}],"wp:attachment":[{"href":"https:\/\/unruffled-shirley.89-22-103-217.plesk.page\/index.php\/wp-json\/wp\/v2\/media?parent=136"}],"wp:term":[{"taxonomy":"store","embeddable":true,"href":"https:\/\/unruffled-shirley.89-22-103-217.plesk.page\/index.php\/wp-json\/wp\/v2\/store?post=136"},{"taxonomy":"product_cat","embeddable":true,"href":"https:\/\/unruffled-shirley.89-22-103-217.plesk.page\/index.php\/wp-json\/wp\/v2\/product_cat?post=136"},{"taxonomy":"product_tag","embeddable":true,"href":"https:\/\/unruffled-shirley.89-22-103-217.plesk.page\/index.php\/wp-json\/wp\/v2\/product_tag?post=136"}],"curies":[{"name":"wp","href":"https:\/\/api.w.org\/{rel}","templated":true}]}}